{"id":2035,"date":"2020-06-16T11:06:18","date_gmt":"2020-06-16T11:06:18","guid":{"rendered":"https:\/\/www.bvtbs.com\/?page_id=2035"},"modified":"2020-06-25T07:26:52","modified_gmt":"2020-06-25T07:26:52","slug":"donut-berlinerbollen-en-gefrituurde-productlijnen","status":"publish","type":"page","link":"https:\/\/www.bvtbs.com\/nl\/donut-berlinerbollen-en-gefrituurde-productlijnen\/","title":{"rendered":"Donut-, Berlinerbollen- en gefrituurde productlijnen"},"content":{"rendered":"\t\t<div data-elementor-type=\"wp-page\" data-elementor-id=\"2035\" class=\"elementor elementor-2035\" data-elementor-post-type=\"page\">\n\t\t\t\t\t\t<section class=\"elementor-section elementor-top-section elementor-element elementor-element-71fda8b elementor-section-full_width elementor-section-height-min-height elementor-section-stretched elementor-section-height-default elementor-section-items-middle\" data-id=\"71fda8b\" data-element_type=\"section\" data-e-type=\"section\" data-settings=\"{&quot;background_background&quot;:&quot;video&quot;,&quot;background_video_link&quot;:&quot;https:\\\/\\\/vimeo.com\\\/399918183&quot;,&quot;background_play_on_mobile&quot;:&quot;yes&quot;,&quot;stretch_section&quot;:&quot;section-stretched&quot;}\">\n\t\t\t\t\t\t\t\t<div class=\"elementor-background-video-container\">\n\t\t\t\t\t\t\t\t\t\t\t\t\t<div class=\"elementor-background-video-embed\" role=\"presentation\"><\/div>\n\t\t\t\t\t\t\t\t\t\t\t\t<\/div>\n\t\t\t\t\t\t\t\t\t<div class=\"elementor-background-overlay\"><\/div>\n\t\t\t\t\t\t\t<div class=\"elementor-container elementor-column-gap-default\">\n\t\t\t\t\t<div class=\"elementor-column elementor-col-100 elementor-top-column elementor-element elementor-element-ccf809c\" data-id=\"ccf809c\" data-element_type=\"column\" data-e-type=\"column\">\n\t\t\t<div class=\"elementor-widget-wrap\">\n\t\t\t\t\t\t\t<\/div>\n\t\t<\/div>\n\t\t\t\t\t<\/div>\n\t\t<\/section>\n\t\t\t\t<section class=\"elementor-section elementor-top-section elementor-element elementor-element-806836c elementor-section-boxed elementor-section-height-default elementor-section-height-default\" data-id=\"806836c\" data-element_type=\"section\" data-e-type=\"section\">\n\t\t\t\t\t\t<div class=\"elementor-container elementor-column-gap-default\">\n\t\t\t\t\t<div class=\"elementor-column elementor-col-100 elementor-top-column elementor-element elementor-element-5ec3ca4\" data-id=\"5ec3ca4\" data-element_type=\"column\" data-e-type=\"column\">\n\t\t\t<div class=\"elementor-widget-wrap elementor-element-populated\">\n\t\t\t\t\t\t<div class=\"elementor-element elementor-element-a93e7ee din elementor-widget elementor-widget-heading\" data-id=\"a93e7ee\" data-element_type=\"widget\" data-e-type=\"widget\" data-widget_type=\"heading.default\">\n\t\t\t\t<div class=\"elementor-widget-container\">\n\t\t\t\t\t<h2 class=\"elementor-heading-title elementor-size-default\">Donut-, Berlinerbollen- en gefrituurde productlijnen<\/h2>\t\t\t\t<\/div>\n\t\t\t\t<\/div>\n\t\t\t\t\t<\/div>\n\t\t<\/div>\n\t\t\t\t\t<\/div>\n\t\t<\/section>\n\t\t\t\t<section class=\"elementor-section elementor-top-section elementor-element elementor-element-1e32292a elementor-section-boxed elementor-section-height-default elementor-section-height-default\" data-id=\"1e32292a\" data-element_type=\"section\" data-e-type=\"section\">\n\t\t\t\t\t\t<div class=\"elementor-container elementor-column-gap-default\">\n\t\t\t\t\t<div class=\"elementor-column elementor-col-66 elementor-top-column elementor-element elementor-element-17325aec\" data-id=\"17325aec\" data-element_type=\"column\" data-e-type=\"column\">\n\t\t\t<div class=\"elementor-widget-wrap elementor-element-populated\">\n\t\t\t\t\t\t<div class=\"elementor-element elementor-element-68441053 elementor-widget elementor-widget-text-editor\" data-id=\"68441053\" data-element_type=\"widget\" data-e-type=\"widget\" data-widget_type=\"text-editor.default\">\n\t\t\t\t<div class=\"elementor-widget-container\">\n\t\t\t\t\t\t\t\t\t<p><strong>BVT Dough Process Solutions heeft kennis en ervaring met de industri\u00eble productie van donuts, Berlinerbollen en andere gefrituurde producten en biedt een brede reeks oplossingen, gebaseerd op uw vereisten.<\/strong><\/p>\t\t\t\t\t\t\t\t<\/div>\n\t\t\t\t<\/div>\n\t\t\t\t<div class=\"elementor-element elementor-element-5667d678 elementor-widget elementor-widget-text-editor\" data-id=\"5667d678\" data-element_type=\"widget\" data-e-type=\"widget\" data-widget_type=\"text-editor.default\">\n\t\t\t\t<div class=\"elementor-widget-container\">\n\t\t\t\t\t\t\t\t\t<p>Onze productielijnen zijn op maat gemaakt voor uw industri\u00eble bakkerij. Daarnaast houden we rekening met bijvoorbeeld beschikbare ruimte, lijnvereisten, productvari\u00ebteiten en productkwaliteit. Het resultaat is een industri\u00eble productielijn speciaal voor u. BVT Dough Process Solutions maakt gebruik van het stressfree- of extrusieproces voor de productie van donuts, Berlinerbollen en andere gefrituurde producten.<\/p><p>\u00a0<\/p><p>We implementeren onze op maat gemaakte, indirect verwarmde industri\u00eble Thermische Olie-frituren in uw productielijn, zodat u meer verschillende producten kunt bereiden. In combinatie met onze unieke swing tray-test- en koelsystemen worden al uw producten met precisie verwerkt. De producten worden direct zo opgelijnd dat er direct na het frituren een substantie ge\u00efnjecteerd kan worden.<\/p><p>\u00a0<\/p><p>Bij BVT Dough Process Solutions ontwerpen en produceren we maatwerkoplossingen voor uw volledige deegproductie.<\/p><p>\u00a0<\/p><p>Wilt u ontdekken hoe wij u kunnen helpen? Neem dan vandaag nog <a href=\"https:\/\/www.bvtbs.com\/nl\/contact-nl\/\">contact<\/a> met ons op.<\/p><p>\u00a0<\/p><p>Wilt u meer weten over onze turnkey-oplossingen? <a href=\"https:\/\/www.bvtbs.com\/nl\/turn-key-nl\/\">Klik hier<\/a> voor meer informatie of om contact met ons op te nemen!<\/p>\t\t\t\t\t\t\t\t<\/div>\n\t\t\t\t<\/div>\n\t\t\t\t\t<\/div>\n\t\t<\/div>\n\t\t\t\t<div class=\"elementor-column elementor-col-33 elementor-top-column elementor-element elementor-element-9ed42b\" data-id=\"9ed42b\" data-element_type=\"column\" data-e-type=\"column\">\n\t\t\t<div class=\"elementor-widget-wrap elementor-element-populated\">\n\t\t\t\t\t\t<div class=\"elementor-element elementor-element-0378af7 din elementor-widget elementor-widget-heading\" data-id=\"0378af7\" data-element_type=\"widget\" data-e-type=\"widget\" data-widget_type=\"heading.default\">\n\t\t\t\t<div class=\"elementor-widget-container\">\n\t\t\t\t\t<h2 class=\"elementor-heading-title elementor-size-default\">USPs:<\/h2>\t\t\t\t<\/div>\n\t\t\t\t<\/div>\n\t\t\t\t<section class=\"elementor-section elementor-inner-section elementor-element elementor-element-363254a9 elementor-section-boxed elementor-section-height-default elementor-section-height-default\" data-id=\"363254a9\" data-element_type=\"section\" data-e-type=\"section\">\n\t\t\t\t\t\t<div class=\"elementor-container elementor-column-gap-default\">\n\t\t\t\t\t<div class=\"elementor-column elementor-col-50 elementor-inner-column elementor-element elementor-element-42935bd3\" data-id=\"42935bd3\" data-element_type=\"column\" data-e-type=\"column\">\n\t\t\t<div class=\"elementor-widget-wrap elementor-element-populated\">\n\t\t\t\t\t\t<div class=\"elementor-element elementor-element-37732d77 elementor-widget elementor-widget-image\" data-id=\"37732d77\" data-element_type=\"widget\" data-e-type=\"widget\" data-widget_type=\"image.default\">\n\t\t\t\t<div class=\"elementor-widget-container\">\n\t\t\t\t\t\t\t\t\t\t\t\t\t\t\t<img decoding=\"async\" src=\"https:\/\/www.bvtbs.com\/wp-content\/uploads\/elementor\/thumbs\/vinkje-op2ah3m84z6vsshy8o7ichxib8ddgonx9f3cmri4ai.png\" title=\"vinkje\" alt=\"vinkje\" loading=\"lazy\" \/>\t\t\t\t\t\t\t\t\t\t\t\t\t\t\t<\/div>\n\t\t\t\t<\/div>\n\t\t\t\t\t<\/div>\n\t\t<\/div>\n\t\t\t\t<div class=\"elementor-column elementor-col-50 elementor-inner-column elementor-element elementor-element-4ce202f\" data-id=\"4ce202f\" data-element_type=\"column\" data-e-type=\"column\">\n\t\t\t<div class=\"elementor-widget-wrap elementor-element-populated\">\n\t\t\t\t\t\t<div class=\"elementor-element elementor-element-103d49c din elementor-widget elementor-widget-heading\" data-id=\"103d49c\" data-element_type=\"widget\" data-e-type=\"widget\" data-widget_type=\"heading.default\">\n\t\t\t\t<div class=\"elementor-widget-container\">\n\t\t\t\t\t<h2 class=\"elementor-heading-title elementor-size-default\">Volledige proceslijnen van deeg tot eindproduct<\/h2>\t\t\t\t<\/div>\n\t\t\t\t<\/div>\n\t\t\t\t\t<\/div>\n\t\t<\/div>\n\t\t\t\t\t<\/div>\n\t\t<\/section>\n\t\t\t\t<section class=\"elementor-section elementor-inner-section elementor-element elementor-element-6ba89ae elementor-section-boxed elementor-section-height-default elementor-section-height-default\" data-id=\"6ba89ae\" data-element_type=\"section\" data-e-type=\"section\">\n\t\t\t\t\t\t<div class=\"elementor-container elementor-column-gap-default\">\n\t\t\t\t\t<div class=\"elementor-column elementor-col-50 elementor-inner-column elementor-element elementor-element-7e097076\" data-id=\"7e097076\" data-element_type=\"column\" data-e-type=\"column\">\n\t\t\t<div class=\"elementor-widget-wrap elementor-element-populated\">\n\t\t\t\t\t\t<div class=\"elementor-element elementor-element-5839b1e7 elementor-widget elementor-widget-image\" data-id=\"5839b1e7\" data-element_type=\"widget\" data-e-type=\"widget\" data-widget_type=\"image.default\">\n\t\t\t\t<div class=\"elementor-widget-container\">\n\t\t\t\t\t\t\t\t\t\t\t\t\t\t\t<img decoding=\"async\" src=\"https:\/\/www.bvtbs.com\/wp-content\/uploads\/elementor\/thumbs\/vinkje-op2ah3m84z6vsshy8o7ichxib8ddgonx9f3cmri4ai.png\" title=\"vinkje\" alt=\"vinkje\" loading=\"lazy\" \/>\t\t\t\t\t\t\t\t\t\t\t\t\t\t\t<\/div>\n\t\t\t\t<\/div>\n\t\t\t\t\t<\/div>\n\t\t<\/div>\n\t\t\t\t<div class=\"elementor-column elementor-col-50 elementor-inner-column elementor-element elementor-element-7626278\" data-id=\"7626278\" data-element_type=\"column\" data-e-type=\"column\">\n\t\t\t<div class=\"elementor-widget-wrap elementor-element-populated\">\n\t\t\t\t\t\t<div class=\"elementor-element elementor-element-1de409bf din elementor-widget elementor-widget-heading\" data-id=\"1de409bf\" data-element_type=\"widget\" data-e-type=\"widget\" data-widget_type=\"heading.default\">\n\t\t\t\t<div class=\"elementor-widget-container\">\n\t\t\t\t\t<h2 class=\"elementor-heading-title elementor-size-default\">Flexibiliteit<\/h2>\t\t\t\t<\/div>\n\t\t\t\t<\/div>\n\t\t\t\t\t<\/div>\n\t\t<\/div>\n\t\t\t\t\t<\/div>\n\t\t<\/section>\n\t\t\t\t<section class=\"elementor-section elementor-inner-section elementor-element elementor-element-6ff23111 elementor-section-boxed elementor-section-height-default elementor-section-height-default\" data-id=\"6ff23111\" data-element_type=\"section\" data-e-type=\"section\">\n\t\t\t\t\t\t<div class=\"elementor-container elementor-column-gap-default\">\n\t\t\t\t\t<div class=\"elementor-column elementor-col-50 elementor-inner-column elementor-element elementor-element-30f994d4\" data-id=\"30f994d4\" data-element_type=\"column\" data-e-type=\"column\">\n\t\t\t<div class=\"elementor-widget-wrap elementor-element-populated\">\n\t\t\t\t\t\t<div class=\"elementor-element elementor-element-4b1d25a0 elementor-widget elementor-widget-image\" data-id=\"4b1d25a0\" data-element_type=\"widget\" data-e-type=\"widget\" data-widget_type=\"image.default\">\n\t\t\t\t<div class=\"elementor-widget-container\">\n\t\t\t\t\t\t\t\t\t\t\t\t\t\t\t<img decoding=\"async\" src=\"https:\/\/www.bvtbs.com\/wp-content\/uploads\/elementor\/thumbs\/vinkje-op2ah3m84z6vsshy8o7ichxib8ddgonx9f3cmri4ai.png\" title=\"vinkje\" alt=\"vinkje\" loading=\"lazy\" \/>\t\t\t\t\t\t\t\t\t\t\t\t\t\t\t<\/div>\n\t\t\t\t<\/div>\n\t\t\t\t\t<\/div>\n\t\t<\/div>\n\t\t\t\t<div class=\"elementor-column elementor-col-50 elementor-inner-column elementor-element elementor-element-2433dc5d\" data-id=\"2433dc5d\" data-element_type=\"column\" data-e-type=\"column\">\n\t\t\t<div class=\"elementor-widget-wrap elementor-element-populated\">\n\t\t\t\t\t\t<div class=\"elementor-element elementor-element-505265c8 din elementor-widget elementor-widget-heading\" data-id=\"505265c8\" data-element_type=\"widget\" data-e-type=\"widget\" data-widget_type=\"heading.default\">\n\t\t\t\t<div class=\"elementor-widget-container\">\n\t\t\t\t\t<h2 class=\"elementor-heading-title elementor-size-default\">Direct de juiste oplijning<\/h2>\t\t\t\t<\/div>\n\t\t\t\t<\/div>\n\t\t\t\t\t<\/div>\n\t\t<\/div>\n\t\t\t\t\t<\/div>\n\t\t<\/section>\n\t\t\t\t<section class=\"elementor-section elementor-inner-section elementor-element elementor-element-52e068e0 elementor-section-boxed elementor-section-height-default elementor-section-height-default\" data-id=\"52e068e0\" data-element_type=\"section\" data-e-type=\"section\">\n\t\t\t\t\t\t<div class=\"elementor-container elementor-column-gap-default\">\n\t\t\t\t\t<div class=\"elementor-column elementor-col-100 elementor-inner-column elementor-element elementor-element-34865255\" data-id=\"34865255\" data-element_type=\"column\" data-e-type=\"column\">\n\t\t\t<div class=\"elementor-widget-wrap elementor-element-populated\">\n\t\t\t\t\t\t<div class=\"elementor-element elementor-element-3e4fcaf3 elementor-widget elementor-widget-spacer\" data-id=\"3e4fcaf3\" data-element_type=\"widget\" data-e-type=\"widget\" data-widget_type=\"spacer.default\">\n\t\t\t\t<div class=\"elementor-widget-container\">\n\t\t\t\t\t\t\t<div class=\"elementor-spacer\">\n\t\t\t<div class=\"elementor-spacer-inner\"><\/div>\n\t\t<\/div>\n\t\t\t\t\t\t<\/div>\n\t\t\t\t<\/div>\n\t\t\t\t<div class=\"elementor-element elementor-element-664240e7 elementor-widget elementor-widget-text-editor\" data-id=\"664240e7\" data-element_type=\"widget\" data-e-type=\"widget\" data-widget_type=\"text-editor.default\">\n\t\t\t\t<div class=\"elementor-widget-container\">\n\t\t\t\t\t\t\t\t\t<p><span style=\"color: #ffffff;\"><strong>Technische gegevens:<\/strong><\/span><\/p><p><span style=\"color: #ffffff;\">Capaciteit: 7500 &#8211; 40.000 donuts per uur<\/span><br \/><span style=\"color: #ffffff;\">Werkbreedte van 600 mm &#8211; 1600 mm<\/span><\/p>\t\t\t\t\t\t\t\t<\/div>\n\t\t\t\t<\/div>\n\t\t\t\t\t<\/div>\n\t\t<\/div>\n\t\t\t\t\t<\/div>\n\t\t<\/section>\n\t\t\t\t\t<\/div>\n\t\t<\/div>\n\t\t\t\t\t<\/div>\n\t\t<\/section>\n\t\t\t\t<section class=\"elementor-section elementor-top-section elementor-element elementor-element-406242a elementor-section-boxed elementor-section-height-default elementor-section-height-default\" data-id=\"406242a\" data-element_type=\"section\" data-e-type=\"section\">\n\t\t\t\t\t\t<div class=\"elementor-container elementor-column-gap-default\">\n\t\t\t\t\t<div class=\"elementor-column elementor-col-66 elementor-top-column elementor-element elementor-element-81ad0d6\" data-id=\"81ad0d6\" data-element_type=\"column\" data-e-type=\"column\">\n\t\t\t<div class=\"elementor-widget-wrap elementor-element-populated\">\n\t\t\t\t\t\t<div class=\"elementor-element elementor-element-3306dbb din elementor-widget elementor-widget-heading\" data-id=\"3306dbb\" data-element_type=\"widget\" data-e-type=\"widget\" data-widget_type=\"heading.default\">\n\t\t\t\t<div class=\"elementor-widget-container\">\n\t\t\t\t\t<h2 class=\"elementor-heading-title elementor-size-default\">Product voorbeelden<\/h2>\t\t\t\t<\/div>\n\t\t\t\t<\/div>\n\t\t\t\t\t<\/div>\n\t\t<\/div>\n\t\t\t\t<div class=\"elementor-column elementor-col-33 elementor-top-column elementor-element elementor-element-75eacd6\" data-id=\"75eacd6\" data-element_type=\"column\" data-e-type=\"column\">\n\t\t\t<div class=\"elementor-widget-wrap\">\n\t\t\t\t\t\t\t<\/div>\n\t\t<\/div>\n\t\t\t\t\t<\/div>\n\t\t<\/section>\n\t\t\t\t<section class=\"elementor-section elementor-top-section elementor-element elementor-element-08b97e2 elementor-section-boxed elementor-section-height-default elementor-section-height-default\" data-id=\"08b97e2\" data-element_type=\"section\" data-e-type=\"section\">\n\t\t\t\t\t\t<div class=\"elementor-container elementor-column-gap-default\">\n\t\t\t\t\t<div class=\"elementor-column elementor-col-100 elementor-top-column elementor-element elementor-element-b09a1a8\" data-id=\"b09a1a8\" data-element_type=\"column\" data-e-type=\"column\">\n\t\t\t<div class=\"elementor-widget-wrap elementor-element-populated\">\n\t\t\t\t\t\t\t<\/div>\n\t\t<\/div>\n\t\t\t\t\t<\/div>\n\t\t<\/section>\n\t\t\t\t<section class=\"elementor-section elementor-top-section elementor-element elementor-element-cb4dd70 elementor-section-stretched elementor-section-full_width elementor-section-height-default elementor-section-height-default\" data-id=\"cb4dd70\" data-element_type=\"section\" data-e-type=\"section\" data-settings=\"{&quot;stretch_section&quot;:&quot;section-stretched&quot;}\">\n\t\t\t\t\t\t<div class=\"elementor-container elementor-column-gap-default\">\n\t\t\t\t\t<div class=\"elementor-column elementor-col-100 elementor-top-column elementor-element elementor-element-67e3aaf\" data-id=\"67e3aaf\" data-element_type=\"column\" data-e-type=\"column\">\n\t\t\t<div class=\"elementor-widget-wrap\">\n\t\t\t\t\t\t\t<\/div>\n\t\t<\/div>\n\t\t\t\t\t<\/div>\n\t\t<\/section>\n\t\t\t\t<\/div>\n\t\t","protected":false},"excerpt":{"rendered":"<p>Donut-, Berlinerbollen- en gefrituurde productlijnen BVT Dough Process Solutions heeft kennis en ervaring met de industri\u00eble productie van donuts, Berlinerbollen en andere gefrituurde producten en biedt een brede reeks oplossingen, gebaseerd op uw vereisten. Onze productielijnen zijn op maat gemaakt voor uw industri\u00eble bakkerij. Daarnaast&#8230;<\/p>\n","protected":false},"author":7,"featured_media":0,"parent":0,"menu_order":0,"comment_status":"closed","ping_status":"closed","template":"","meta":{"footnotes":""},"class_list":["post-2035","page","type-page","status-publish","hentry"],"yoast_head":"<!-- This site is optimized with the Yoast SEO Premium plugin v27.1 (Yoast SEO v27.2) - https:\/\/yoast.com\/product\/yoast-seo-premium-wordpress\/ -->\n<title>Donut-, Berlinerbollen- en gefrituurde productlijnen - BVT<\/title>\n<meta name=\"robots\" content=\"index, follow, max-snippet:-1, max-image-preview:large, max-video-preview:-1\" \/>\n<link rel=\"canonical\" href=\"https:\/\/www.bvtbs.com\/nl\/donut-berlinerbollen-en-gefrituurde-productlijnen\/\" \/>\n<meta property=\"og:locale\" content=\"nl_NL\" \/>\n<meta property=\"og:type\" content=\"article\" \/>\n<meta property=\"og:title\" content=\"Donut-, Berlinerbollen- en gefrituurde productlijnen\" \/>\n<meta property=\"og:description\" content=\"Donut-, Berlinerbollen- en gefrituurde productlijnen BVT Dough Process Solutions heeft kennis en ervaring met de industri\u00eble productie van donuts, Berlinerbollen en andere gefrituurde producten en biedt een brede reeks oplossingen, gebaseerd op uw vereisten. Onze productielijnen zijn op maat gemaakt voor uw industri\u00eble bakkerij. Daarnaast...\" \/>\n<meta property=\"og:url\" content=\"https:\/\/www.bvtbs.com\/nl\/donut-berlinerbollen-en-gefrituurde-productlijnen\/\" \/>\n<meta property=\"og:site_name\" content=\"BVT\" \/>\n<meta property=\"article:modified_time\" content=\"2020-06-25T07:26:52+00:00\" \/>\n<meta property=\"og:image\" content=\"https:\/\/www.bvtbs.com\/wp-content\/uploads\/elementor\/thumbs\/vinkje-op2ah3m84z6vsshy8o7ichxib8ddgonx9f3cmri4as.png\" \/>\n<meta name=\"twitter:card\" content=\"summary_large_image\" \/>\n<meta name=\"twitter:label1\" content=\"Geschatte leestijd\" \/>\n\t<meta name=\"twitter:data1\" content=\"1 minuut\" \/>\n<script type=\"application\/ld+json\" class=\"yoast-schema-graph\">{\"@context\":\"https:\/\/schema.org\",\"@graph\":[{\"@type\":\"WebPage\",\"@id\":\"https:\/\/www.bvtbs.com\/nl\/donut-berlinerbollen-en-gefrituurde-productlijnen\/\",\"url\":\"https:\/\/www.bvtbs.com\/nl\/donut-berlinerbollen-en-gefrituurde-productlijnen\/\",\"name\":\"Donut-, Berlinerbollen- en gefrituurde productlijnen - BVT\",\"isPartOf\":{\"@id\":\"https:\/\/www.bvtbs.com\/de\/#website\"},\"primaryImageOfPage\":{\"@id\":\"https:\/\/www.bvtbs.com\/nl\/donut-berlinerbollen-en-gefrituurde-productlijnen\/#primaryimage\"},\"image\":{\"@id\":\"https:\/\/www.bvtbs.com\/nl\/donut-berlinerbollen-en-gefrituurde-productlijnen\/#primaryimage\"},\"thumbnailUrl\":\"https:\/\/www.bvtbs.com\/wp-content\/uploads\/elementor\/thumbs\/vinkje-op2ah3m84z6vsshy8o7ichxib8ddgonx9f3cmri4as.png\",\"datePublished\":\"2020-06-16T11:06:18+00:00\",\"dateModified\":\"2020-06-25T07:26:52+00:00\",\"breadcrumb\":{\"@id\":\"https:\/\/www.bvtbs.com\/nl\/donut-berlinerbollen-en-gefrituurde-productlijnen\/#breadcrumb\"},\"inLanguage\":\"nl-NL\",\"potentialAction\":[{\"@type\":\"ReadAction\",\"target\":[\"https:\/\/www.bvtbs.com\/nl\/donut-berlinerbollen-en-gefrituurde-productlijnen\/\"]}]},{\"@type\":\"ImageObject\",\"inLanguage\":\"nl-NL\",\"@id\":\"https:\/\/www.bvtbs.com\/nl\/donut-berlinerbollen-en-gefrituurde-productlijnen\/#primaryimage\",\"url\":\"https:\/\/www.bvtbs.com\/wp-content\/uploads\/elementor\/thumbs\/vinkje-op2ah3m84z6vsshy8o7ichxib8ddgonx9f3cmri4as.png\",\"contentUrl\":\"https:\/\/www.bvtbs.com\/wp-content\/uploads\/elementor\/thumbs\/vinkje-op2ah3m84z6vsshy8o7ichxib8ddgonx9f3cmri4as.png\"},{\"@type\":\"BreadcrumbList\",\"@id\":\"https:\/\/www.bvtbs.com\/nl\/donut-berlinerbollen-en-gefrituurde-productlijnen\/#breadcrumb\",\"itemListElement\":[{\"@type\":\"ListItem\",\"position\":1,\"name\":\"Home\",\"item\":\"https:\/\/www.bvtbs.com\/nl\/\"},{\"@type\":\"ListItem\",\"position\":2,\"name\":\"Donut-, Berlinerbollen- en gefrituurde productlijnen\"}]},{\"@type\":\"WebSite\",\"@id\":\"https:\/\/www.bvtbs.com\/de\/#website\",\"url\":\"https:\/\/www.bvtbs.com\/de\/\",\"name\":\"BVT\",\"description\":\"BVT DOUGH PROCESS SOLUTIONS\",\"potentialAction\":[{\"@type\":\"SearchAction\",\"target\":{\"@type\":\"EntryPoint\",\"urlTemplate\":\"https:\/\/www.bvtbs.com\/de\/?s={search_term_string}\"},\"query-input\":{\"@type\":\"PropertyValueSpecification\",\"valueRequired\":true,\"valueName\":\"search_term_string\"}}],\"inLanguage\":\"nl-NL\"}]}<\/script>\n<!-- \/ Yoast SEO Premium plugin. -->","yoast_head_json":{"title":"Donut-, Berlinerbollen- en gefrituurde productlijnen - BVT","robots":{"index":"index","follow":"follow","max-snippet":"max-snippet:-1","max-image-preview":"max-image-preview:large","max-video-preview":"max-video-preview:-1"},"canonical":"https:\/\/www.bvtbs.com\/nl\/donut-berlinerbollen-en-gefrituurde-productlijnen\/","og_locale":"nl_NL","og_type":"article","og_title":"Donut-, Berlinerbollen- en gefrituurde productlijnen","og_description":"Donut-, Berlinerbollen- en gefrituurde productlijnen BVT Dough Process Solutions heeft kennis en ervaring met de industri\u00eble productie van donuts, Berlinerbollen en andere gefrituurde producten en biedt een brede reeks oplossingen, gebaseerd op uw vereisten. Onze productielijnen zijn op maat gemaakt voor uw industri\u00eble bakkerij. Daarnaast...","og_url":"https:\/\/www.bvtbs.com\/nl\/donut-berlinerbollen-en-gefrituurde-productlijnen\/","og_site_name":"BVT","article_modified_time":"2020-06-25T07:26:52+00:00","og_image":[{"url":"https:\/\/www.bvtbs.com\/wp-content\/uploads\/elementor\/thumbs\/vinkje-op2ah3m84z6vsshy8o7ichxib8ddgonx9f3cmri4as.png","type":"","width":"","height":""}],"twitter_card":"summary_large_image","twitter_misc":{"Geschatte leestijd":"1 minuut"},"schema":{"@context":"https:\/\/schema.org","@graph":[{"@type":"WebPage","@id":"https:\/\/www.bvtbs.com\/nl\/donut-berlinerbollen-en-gefrituurde-productlijnen\/","url":"https:\/\/www.bvtbs.com\/nl\/donut-berlinerbollen-en-gefrituurde-productlijnen\/","name":"Donut-, Berlinerbollen- en gefrituurde productlijnen - BVT","isPartOf":{"@id":"https:\/\/www.bvtbs.com\/de\/#website"},"primaryImageOfPage":{"@id":"https:\/\/www.bvtbs.com\/nl\/donut-berlinerbollen-en-gefrituurde-productlijnen\/#primaryimage"},"image":{"@id":"https:\/\/www.bvtbs.com\/nl\/donut-berlinerbollen-en-gefrituurde-productlijnen\/#primaryimage"},"thumbnailUrl":"https:\/\/www.bvtbs.com\/wp-content\/uploads\/elementor\/thumbs\/vinkje-op2ah3m84z6vsshy8o7ichxib8ddgonx9f3cmri4as.png","datePublished":"2020-06-16T11:06:18+00:00","dateModified":"2020-06-25T07:26:52+00:00","breadcrumb":{"@id":"https:\/\/www.bvtbs.com\/nl\/donut-berlinerbollen-en-gefrituurde-productlijnen\/#breadcrumb"},"inLanguage":"nl-NL","potentialAction":[{"@type":"ReadAction","target":["https:\/\/www.bvtbs.com\/nl\/donut-berlinerbollen-en-gefrituurde-productlijnen\/"]}]},{"@type":"ImageObject","inLanguage":"nl-NL","@id":"https:\/\/www.bvtbs.com\/nl\/donut-berlinerbollen-en-gefrituurde-productlijnen\/#primaryimage","url":"https:\/\/www.bvtbs.com\/wp-content\/uploads\/elementor\/thumbs\/vinkje-op2ah3m84z6vsshy8o7ichxib8ddgonx9f3cmri4as.png","contentUrl":"https:\/\/www.bvtbs.com\/wp-content\/uploads\/elementor\/thumbs\/vinkje-op2ah3m84z6vsshy8o7ichxib8ddgonx9f3cmri4as.png"},{"@type":"BreadcrumbList","@id":"https:\/\/www.bvtbs.com\/nl\/donut-berlinerbollen-en-gefrituurde-productlijnen\/#breadcrumb","itemListElement":[{"@type":"ListItem","position":1,"name":"Home","item":"https:\/\/www.bvtbs.com\/nl\/"},{"@type":"ListItem","position":2,"name":"Donut-, Berlinerbollen- en gefrituurde productlijnen"}]},{"@type":"WebSite","@id":"https:\/\/www.bvtbs.com\/de\/#website","url":"https:\/\/www.bvtbs.com\/de\/","name":"BVT","description":"BVT DOUGH PROCESS SOLUTIONS","potentialAction":[{"@type":"SearchAction","target":{"@type":"EntryPoint","urlTemplate":"https:\/\/www.bvtbs.com\/de\/?s={search_term_string}"},"query-input":{"@type":"PropertyValueSpecification","valueRequired":true,"valueName":"search_term_string"}}],"inLanguage":"nl-NL"}]}},"_links":{"self":[{"href":"https:\/\/www.bvtbs.com\/nl\/wp-json\/wp\/v2\/pages\/2035","targetHints":{"allow":["GET"]}}],"collection":[{"href":"https:\/\/www.bvtbs.com\/nl\/wp-json\/wp\/v2\/pages"}],"about":[{"href":"https:\/\/www.bvtbs.com\/nl\/wp-json\/wp\/v2\/types\/page"}],"author":[{"embeddable":true,"href":"https:\/\/www.bvtbs.com\/nl\/wp-json\/wp\/v2\/users\/7"}],"replies":[{"embeddable":true,"href":"https:\/\/www.bvtbs.com\/nl\/wp-json\/wp\/v2\/comments?post=2035"}],"version-history":[{"count":0,"href":"https:\/\/www.bvtbs.com\/nl\/wp-json\/wp\/v2\/pages\/2035\/revisions"}],"wp:attachment":[{"href":"https:\/\/www.bvtbs.com\/nl\/wp-json\/wp\/v2\/media?parent=2035"}],"curies":[{"name":"wp","href":"https:\/\/api.w.org\/{rel}","templated":true}]}}