{"id":2002,"date":"2020-06-16T11:05:15","date_gmt":"2020-06-16T11:05:15","guid":{"rendered":"https:\/\/www.bvtbs.com\/?page_id=2002"},"modified":"2020-10-22T15:44:08","modified_gmt":"2020-10-22T15:44:08","slug":"crackers-knackebrod","status":"publish","type":"page","link":"https:\/\/www.bvtbs.com\/nl\/crackers-knackebrod\/","title":{"rendered":"Crackers &#038; Kn\u00e4ckebr\u00f6d"},"content":{"rendered":"\t\t<div data-elementor-type=\"wp-page\" data-elementor-id=\"2002\" class=\"elementor elementor-2002\" data-elementor-post-type=\"page\">\n\t\t\t\t\t\t<section class=\"elementor-section elementor-top-section elementor-element elementor-element-806836c elementor-section-boxed elementor-section-height-default elementor-section-height-default\" data-id=\"806836c\" data-element_type=\"section\" data-e-type=\"section\">\n\t\t\t\t\t\t<div class=\"elementor-container elementor-column-gap-default\">\n\t\t\t\t\t<div class=\"elementor-column elementor-col-100 elementor-top-column elementor-element elementor-element-5ec3ca4\" data-id=\"5ec3ca4\" data-element_type=\"column\" data-e-type=\"column\">\n\t\t\t<div class=\"elementor-widget-wrap elementor-element-populated\">\n\t\t\t\t\t\t<div class=\"elementor-element elementor-element-a93e7ee din elementor-widget elementor-widget-heading\" data-id=\"a93e7ee\" data-element_type=\"widget\" data-e-type=\"widget\" data-widget_type=\"heading.default\">\n\t\t\t\t<div class=\"elementor-widget-container\">\n\t\t\t\t\t<h2 class=\"elementor-heading-title elementor-size-default\">Crackers &amp; Kn\u00e4ckebr\u00f6d<\/h2>\t\t\t\t<\/div>\n\t\t\t\t<\/div>\n\t\t\t\t\t<\/div>\n\t\t<\/div>\n\t\t\t\t\t<\/div>\n\t\t<\/section>\n\t\t\t\t<section class=\"elementor-section elementor-top-section elementor-element elementor-element-47b2f46 elementor-section-full_width elementor-section-height-default elementor-section-height-default\" data-id=\"47b2f46\" data-element_type=\"section\" data-e-type=\"section\">\n\t\t\t\t\t\t<div class=\"elementor-container elementor-column-gap-default\">\n\t\t\t\t\t<div class=\"elementor-column elementor-col-33 elementor-top-column elementor-element elementor-element-546863b\" data-id=\"546863b\" data-element_type=\"column\" data-e-type=\"column\">\n\t\t\t<div class=\"elementor-widget-wrap elementor-element-populated\">\n\t\t\t\t\t\t<div class=\"elementor-element elementor-element-36a1a49 elementor-widget elementor-widget-image\" data-id=\"36a1a49\" data-element_type=\"widget\" data-e-type=\"widget\" data-widget_type=\"image.default\">\n\t\t\t\t<div class=\"elementor-widget-container\">\n\t\t\t\t\t\t\t\t\t\t\t\t\t\t\t\t<a href=\"https:\/\/www.bvtbs.com\/nl\/cracker-en-knackebrodlijnen\/\">\n\t\t\t\t\t\t\t<img fetchpriority=\"high\" decoding=\"async\" width=\"800\" height=\"534\" src=\"https:\/\/www.bvtbs.com\/wp-content\/uploads\/2020\/03\/Studiosessie-Verhoeven-006-bewerkt-1.jpg\" class=\"attachment-large size-large wp-image-936\" alt=\"\" srcset=\"https:\/\/www.bvtbs.com\/wp-content\/uploads\/2020\/03\/Studiosessie-Verhoeven-006-bewerkt-1.jpg 800w, https:\/\/www.bvtbs.com\/wp-content\/uploads\/2020\/03\/Studiosessie-Verhoeven-006-bewerkt-1-300x200.jpg 300w, https:\/\/www.bvtbs.com\/wp-content\/uploads\/2020\/03\/Studiosessie-Verhoeven-006-bewerkt-1-768x513.jpg 768w, https:\/\/www.bvtbs.com\/wp-content\/uploads\/2020\/03\/Studiosessie-Verhoeven-006-bewerkt-1-700x467.jpg 700w\" sizes=\"(max-width: 800px) 100vw, 800px\" \/>\t\t\t\t\t\t\t\t<\/a>\n\t\t\t\t\t\t\t\t\t\t\t\t\t\t\t<\/div>\n\t\t\t\t<\/div>\n\t\t\t\t\t<\/div>\n\t\t<\/div>\n\t\t\t\t<div class=\"elementor-column elementor-col-33 elementor-top-column elementor-element elementor-element-84b99b2\" data-id=\"84b99b2\" data-element_type=\"column\" data-e-type=\"column\">\n\t\t\t<div class=\"elementor-widget-wrap elementor-element-populated\">\n\t\t\t\t\t\t<div class=\"elementor-element elementor-element-edfc144 elementor-widget elementor-widget-image\" data-id=\"edfc144\" data-element_type=\"widget\" data-e-type=\"widget\" data-widget_type=\"image.default\">\n\t\t\t\t<div class=\"elementor-widget-container\">\n\t\t\t\t\t\t\t\t\t\t\t\t\t\t\t\t<a href=\"https:\/\/www.bvtbs.com\/nl\/cracker-en-knackebrodlijnen\/\">\n\t\t\t\t\t\t\t<img decoding=\"async\" width=\"800\" height=\"534\" src=\"https:\/\/www.bvtbs.com\/wp-content\/uploads\/2020\/03\/Studiosessie-Verhoeven-019-bewerkt.jpg\" class=\"attachment-large size-large wp-image-937\" alt=\"\" srcset=\"https:\/\/www.bvtbs.com\/wp-content\/uploads\/2020\/03\/Studiosessie-Verhoeven-019-bewerkt.jpg 800w, https:\/\/www.bvtbs.com\/wp-content\/uploads\/2020\/03\/Studiosessie-Verhoeven-019-bewerkt-300x200.jpg 300w, https:\/\/www.bvtbs.com\/wp-content\/uploads\/2020\/03\/Studiosessie-Verhoeven-019-bewerkt-768x513.jpg 768w, https:\/\/www.bvtbs.com\/wp-content\/uploads\/2020\/03\/Studiosessie-Verhoeven-019-bewerkt-700x467.jpg 700w\" sizes=\"(max-width: 800px) 100vw, 800px\" \/>\t\t\t\t\t\t\t\t<\/a>\n\t\t\t\t\t\t\t\t\t\t\t\t\t\t\t<\/div>\n\t\t\t\t<\/div>\n\t\t\t\t\t<\/div>\n\t\t<\/div>\n\t\t\t\t<div class=\"elementor-column elementor-col-33 elementor-top-column elementor-element elementor-element-6f43e57\" data-id=\"6f43e57\" data-element_type=\"column\" data-e-type=\"column\">\n\t\t\t<div class=\"elementor-widget-wrap elementor-element-populated\">\n\t\t\t\t\t\t<div class=\"elementor-element elementor-element-86527b3 elementor-widget elementor-widget-image\" data-id=\"86527b3\" data-element_type=\"widget\" data-e-type=\"widget\" data-widget_type=\"image.default\">\n\t\t\t\t<div class=\"elementor-widget-container\">\n\t\t\t\t\t\t\t\t\t\t\t\t\t\t\t\t<a href=\"https:\/\/www.bvtbs.com\/nl\/cracker-en-knackebrodlijnen\/\">\n\t\t\t\t\t\t\t<img decoding=\"async\" width=\"800\" height=\"534\" src=\"https:\/\/www.bvtbs.com\/wp-content\/uploads\/2020\/03\/Studiosessie-Verhoeven-036-bewerkt.jpg\" class=\"attachment-large size-large wp-image-938\" alt=\"\" srcset=\"https:\/\/www.bvtbs.com\/wp-content\/uploads\/2020\/03\/Studiosessie-Verhoeven-036-bewerkt.jpg 800w, https:\/\/www.bvtbs.com\/wp-content\/uploads\/2020\/03\/Studiosessie-Verhoeven-036-bewerkt-300x200.jpg 300w, https:\/\/www.bvtbs.com\/wp-content\/uploads\/2020\/03\/Studiosessie-Verhoeven-036-bewerkt-768x513.jpg 768w, https:\/\/www.bvtbs.com\/wp-content\/uploads\/2020\/03\/Studiosessie-Verhoeven-036-bewerkt-700x467.jpg 700w\" sizes=\"(max-width: 800px) 100vw, 800px\" \/>\t\t\t\t\t\t\t\t<\/a>\n\t\t\t\t\t\t\t\t\t\t\t\t\t\t\t<\/div>\n\t\t\t\t<\/div>\n\t\t\t\t\t<\/div>\n\t\t<\/div>\n\t\t\t\t\t<\/div>\n\t\t<\/section>\n\t\t\t\t<section class=\"elementor-section elementor-top-section elementor-element elementor-element-d1a02a7 elementor-section-full_width elementor-section-height-default elementor-section-height-default\" data-id=\"d1a02a7\" data-element_type=\"section\" data-e-type=\"section\">\n\t\t\t\t\t\t<div class=\"elementor-container elementor-column-gap-default\">\n\t\t\t\t\t<div class=\"elementor-column elementor-col-50 elementor-top-column elementor-element elementor-element-ca4192e\" data-id=\"ca4192e\" data-element_type=\"column\" data-e-type=\"column\">\n\t\t\t<div class=\"elementor-widget-wrap elementor-element-populated\">\n\t\t\t\t\t\t<div class=\"elementor-element elementor-element-5cf266d elementor-widget elementor-widget-image\" data-id=\"5cf266d\" data-element_type=\"widget\" data-e-type=\"widget\" data-widget_type=\"image.default\">\n\t\t\t\t<div class=\"elementor-widget-container\">\n\t\t\t\t\t\t\t\t\t\t\t\t\t\t\t\t<a href=\"https:\/\/www.bvtbs.com\/nl\/cracker-en-knackebrodlijnen\/\">\n\t\t\t\t\t\t\t<img loading=\"lazy\" decoding=\"async\" width=\"800\" height=\"534\" src=\"https:\/\/www.bvtbs.com\/wp-content\/uploads\/2020\/03\/Studiosessie-Verhoeven-039-bewerkt.jpg\" class=\"attachment-large size-large wp-image-939\" alt=\"\" srcset=\"https:\/\/www.bvtbs.com\/wp-content\/uploads\/2020\/03\/Studiosessie-Verhoeven-039-bewerkt.jpg 800w, https:\/\/www.bvtbs.com\/wp-content\/uploads\/2020\/03\/Studiosessie-Verhoeven-039-bewerkt-300x200.jpg 300w, https:\/\/www.bvtbs.com\/wp-content\/uploads\/2020\/03\/Studiosessie-Verhoeven-039-bewerkt-768x513.jpg 768w, https:\/\/www.bvtbs.com\/wp-content\/uploads\/2020\/03\/Studiosessie-Verhoeven-039-bewerkt-700x467.jpg 700w\" sizes=\"(max-width: 800px) 100vw, 800px\" \/>\t\t\t\t\t\t\t\t<\/a>\n\t\t\t\t\t\t\t\t\t\t\t\t\t\t\t<\/div>\n\t\t\t\t<\/div>\n\t\t\t\t\t<\/div>\n\t\t<\/div>\n\t\t\t\t<div class=\"elementor-column elementor-col-50 elementor-top-column elementor-element elementor-element-df82b38\" data-id=\"df82b38\" data-element_type=\"column\" data-e-type=\"column\">\n\t\t\t<div class=\"elementor-widget-wrap elementor-element-populated\">\n\t\t\t\t\t\t<div class=\"elementor-element elementor-element-59a2116 elementor-widget elementor-widget-image\" data-id=\"59a2116\" data-element_type=\"widget\" data-e-type=\"widget\" data-widget_type=\"image.default\">\n\t\t\t\t<div class=\"elementor-widget-container\">\n\t\t\t\t\t\t\t\t\t\t\t\t\t\t\t\t<a href=\"https:\/\/www.bvtbs.com\/nl\/cracker-en-knackebrodlijnen\/\">\n\t\t\t\t\t\t\t<img loading=\"lazy\" decoding=\"async\" width=\"800\" height=\"534\" src=\"https:\/\/www.bvtbs.com\/wp-content\/uploads\/2020\/03\/Studiosessie-Verhoeven-040-bewerkt.jpg\" class=\"attachment-large size-large wp-image-940\" alt=\"\" srcset=\"https:\/\/www.bvtbs.com\/wp-content\/uploads\/2020\/03\/Studiosessie-Verhoeven-040-bewerkt.jpg 800w, https:\/\/www.bvtbs.com\/wp-content\/uploads\/2020\/03\/Studiosessie-Verhoeven-040-bewerkt-300x200.jpg 300w, https:\/\/www.bvtbs.com\/wp-content\/uploads\/2020\/03\/Studiosessie-Verhoeven-040-bewerkt-768x513.jpg 768w, https:\/\/www.bvtbs.com\/wp-content\/uploads\/2020\/03\/Studiosessie-Verhoeven-040-bewerkt-700x467.jpg 700w\" sizes=\"(max-width: 800px) 100vw, 800px\" \/>\t\t\t\t\t\t\t\t<\/a>\n\t\t\t\t\t\t\t\t\t\t\t\t\t\t\t<\/div>\n\t\t\t\t<\/div>\n\t\t\t\t\t<\/div>\n\t\t<\/div>\n\t\t\t\t\t<\/div>\n\t\t<\/section>\n\t\t\t\t<section class=\"elementor-section elementor-top-section elementor-element elementor-element-1bc2835 elementor-section-boxed elementor-section-height-default elementor-section-height-default\" data-id=\"1bc2835\" data-element_type=\"section\" data-e-type=\"section\">\n\t\t\t\t\t\t<div class=\"elementor-container elementor-column-gap-default\">\n\t\t\t\t\t<div class=\"elementor-column elementor-col-100 elementor-top-column elementor-element elementor-element-4e63c00\" data-id=\"4e63c00\" data-element_type=\"column\" data-e-type=\"column\">\n\t\t\t<div class=\"elementor-widget-wrap elementor-element-populated\">\n\t\t\t\t\t\t<div class=\"elementor-element elementor-element-32d662c elementor-widget elementor-widget-spacer\" data-id=\"32d662c\" data-element_type=\"widget\" data-e-type=\"widget\" data-widget_type=\"spacer.default\">\n\t\t\t\t<div class=\"elementor-widget-container\">\n\t\t\t\t\t\t\t<div class=\"elementor-spacer\">\n\t\t\t<div class=\"elementor-spacer-inner\"><\/div>\n\t\t<\/div>\n\t\t\t\t\t\t<\/div>\n\t\t\t\t<\/div>\n\t\t\t\t\t<\/div>\n\t\t<\/div>\n\t\t\t\t\t<\/div>\n\t\t<\/section>\n\t\t\t\t<\/div>\n\t\t","protected":false},"excerpt":{"rendered":"<p>Crackers &#038; Kn\u00e4ckebr\u00f6d<\/p>\n","protected":false},"author":7,"featured_media":0,"parent":0,"menu_order":0,"comment_status":"closed","ping_status":"closed","template":"full_width.php","meta":{"footnotes":""},"class_list":["post-2002","page","type-page","status-publish","hentry"],"yoast_head":"<!-- This site is optimized with the Yoast SEO Premium plugin v27.1 (Yoast SEO v27.2) - https:\/\/yoast.com\/product\/yoast-seo-premium-wordpress\/ -->\n<title>Crackers &amp; Kn\u00e4ckebr\u00f6d - BVT<\/title>\n<meta name=\"robots\" content=\"index, follow, max-snippet:-1, max-image-preview:large, max-video-preview:-1\" \/>\n<link rel=\"canonical\" href=\"https:\/\/www.bvtbs.com\/nl\/crackers-knackebrod\/\" \/>\n<meta property=\"og:locale\" content=\"nl_NL\" \/>\n<meta property=\"og:type\" content=\"article\" \/>\n<meta property=\"og:title\" content=\"Crackers &amp; Kn\u00e4ckebr\u00f6d\" \/>\n<meta property=\"og:description\" content=\"Crackers &#038; Kn\u00e4ckebr\u00f6d\" \/>\n<meta property=\"og:url\" content=\"https:\/\/www.bvtbs.com\/nl\/crackers-knackebrod\/\" \/>\n<meta property=\"og:site_name\" content=\"BVT\" \/>\n<meta property=\"article:modified_time\" content=\"2020-10-22T15:44:08+00:00\" \/>\n<meta property=\"og:image\" content=\"https:\/\/www.bvtbs.com\/wp-content\/uploads\/2020\/03\/Studiosessie-Verhoeven-006-bewerkt-1.jpg\" \/>\n<meta name=\"twitter:card\" content=\"summary_large_image\" \/>\n<script type=\"application\/ld+json\" class=\"yoast-schema-graph\">{\"@context\":\"https:\/\/schema.org\",\"@graph\":[{\"@type\":\"WebPage\",\"@id\":\"https:\/\/www.bvtbs.com\/nl\/crackers-knackebrod\/\",\"url\":\"https:\/\/www.bvtbs.com\/nl\/crackers-knackebrod\/\",\"name\":\"Crackers & Kn\u00e4ckebr\u00f6d - BVT\",\"isPartOf\":{\"@id\":\"https:\/\/www.bvtbs.com\/de\/#website\"},\"primaryImageOfPage\":{\"@id\":\"https:\/\/www.bvtbs.com\/nl\/crackers-knackebrod\/#primaryimage\"},\"image\":{\"@id\":\"https:\/\/www.bvtbs.com\/nl\/crackers-knackebrod\/#primaryimage\"},\"thumbnailUrl\":\"https:\/\/www.bvtbs.com\/wp-content\/uploads\/2020\/03\/Studiosessie-Verhoeven-006-bewerkt-1.jpg\",\"datePublished\":\"2020-06-16T11:05:15+00:00\",\"dateModified\":\"2020-10-22T15:44:08+00:00\",\"breadcrumb\":{\"@id\":\"https:\/\/www.bvtbs.com\/nl\/crackers-knackebrod\/#breadcrumb\"},\"inLanguage\":\"nl-NL\",\"potentialAction\":[{\"@type\":\"ReadAction\",\"target\":[\"https:\/\/www.bvtbs.com\/nl\/crackers-knackebrod\/\"]}]},{\"@type\":\"ImageObject\",\"inLanguage\":\"nl-NL\",\"@id\":\"https:\/\/www.bvtbs.com\/nl\/crackers-knackebrod\/#primaryimage\",\"url\":\"https:\/\/www.bvtbs.com\/wp-content\/uploads\/2020\/03\/Studiosessie-Verhoeven-006-bewerkt-1.jpg\",\"contentUrl\":\"https:\/\/www.bvtbs.com\/wp-content\/uploads\/2020\/03\/Studiosessie-Verhoeven-006-bewerkt-1.jpg\"},{\"@type\":\"BreadcrumbList\",\"@id\":\"https:\/\/www.bvtbs.com\/nl\/crackers-knackebrod\/#breadcrumb\",\"itemListElement\":[{\"@type\":\"ListItem\",\"position\":1,\"name\":\"Home\",\"item\":\"https:\/\/www.bvtbs.com\/nl\/\"},{\"@type\":\"ListItem\",\"position\":2,\"name\":\"Crackers &#038; Kn\u00e4ckebr\u00f6d\"}]},{\"@type\":\"WebSite\",\"@id\":\"https:\/\/www.bvtbs.com\/de\/#website\",\"url\":\"https:\/\/www.bvtbs.com\/de\/\",\"name\":\"BVT\",\"description\":\"BVT DOUGH PROCESS SOLUTIONS\",\"potentialAction\":[{\"@type\":\"SearchAction\",\"target\":{\"@type\":\"EntryPoint\",\"urlTemplate\":\"https:\/\/www.bvtbs.com\/de\/?s={search_term_string}\"},\"query-input\":{\"@type\":\"PropertyValueSpecification\",\"valueRequired\":true,\"valueName\":\"search_term_string\"}}],\"inLanguage\":\"nl-NL\"}]}<\/script>\n<!-- \/ Yoast SEO Premium plugin. -->","yoast_head_json":{"title":"Crackers & Kn\u00e4ckebr\u00f6d - BVT","robots":{"index":"index","follow":"follow","max-snippet":"max-snippet:-1","max-image-preview":"max-image-preview:large","max-video-preview":"max-video-preview:-1"},"canonical":"https:\/\/www.bvtbs.com\/nl\/crackers-knackebrod\/","og_locale":"nl_NL","og_type":"article","og_title":"Crackers & Kn\u00e4ckebr\u00f6d","og_description":"Crackers &#038; Kn\u00e4ckebr\u00f6d","og_url":"https:\/\/www.bvtbs.com\/nl\/crackers-knackebrod\/","og_site_name":"BVT","article_modified_time":"2020-10-22T15:44:08+00:00","og_image":[{"url":"https:\/\/www.bvtbs.com\/wp-content\/uploads\/2020\/03\/Studiosessie-Verhoeven-006-bewerkt-1.jpg","type":"","width":"","height":""}],"twitter_card":"summary_large_image","schema":{"@context":"https:\/\/schema.org","@graph":[{"@type":"WebPage","@id":"https:\/\/www.bvtbs.com\/nl\/crackers-knackebrod\/","url":"https:\/\/www.bvtbs.com\/nl\/crackers-knackebrod\/","name":"Crackers & Kn\u00e4ckebr\u00f6d - BVT","isPartOf":{"@id":"https:\/\/www.bvtbs.com\/de\/#website"},"primaryImageOfPage":{"@id":"https:\/\/www.bvtbs.com\/nl\/crackers-knackebrod\/#primaryimage"},"image":{"@id":"https:\/\/www.bvtbs.com\/nl\/crackers-knackebrod\/#primaryimage"},"thumbnailUrl":"https:\/\/www.bvtbs.com\/wp-content\/uploads\/2020\/03\/Studiosessie-Verhoeven-006-bewerkt-1.jpg","datePublished":"2020-06-16T11:05:15+00:00","dateModified":"2020-10-22T15:44:08+00:00","breadcrumb":{"@id":"https:\/\/www.bvtbs.com\/nl\/crackers-knackebrod\/#breadcrumb"},"inLanguage":"nl-NL","potentialAction":[{"@type":"ReadAction","target":["https:\/\/www.bvtbs.com\/nl\/crackers-knackebrod\/"]}]},{"@type":"ImageObject","inLanguage":"nl-NL","@id":"https:\/\/www.bvtbs.com\/nl\/crackers-knackebrod\/#primaryimage","url":"https:\/\/www.bvtbs.com\/wp-content\/uploads\/2020\/03\/Studiosessie-Verhoeven-006-bewerkt-1.jpg","contentUrl":"https:\/\/www.bvtbs.com\/wp-content\/uploads\/2020\/03\/Studiosessie-Verhoeven-006-bewerkt-1.jpg"},{"@type":"BreadcrumbList","@id":"https:\/\/www.bvtbs.com\/nl\/crackers-knackebrod\/#breadcrumb","itemListElement":[{"@type":"ListItem","position":1,"name":"Home","item":"https:\/\/www.bvtbs.com\/nl\/"},{"@type":"ListItem","position":2,"name":"Crackers &#038; Kn\u00e4ckebr\u00f6d"}]},{"@type":"WebSite","@id":"https:\/\/www.bvtbs.com\/de\/#website","url":"https:\/\/www.bvtbs.com\/de\/","name":"BVT","description":"BVT DOUGH PROCESS SOLUTIONS","potentialAction":[{"@type":"SearchAction","target":{"@type":"EntryPoint","urlTemplate":"https:\/\/www.bvtbs.com\/de\/?s={search_term_string}"},"query-input":{"@type":"PropertyValueSpecification","valueRequired":true,"valueName":"search_term_string"}}],"inLanguage":"nl-NL"}]}},"_links":{"self":[{"href":"https:\/\/www.bvtbs.com\/nl\/wp-json\/wp\/v2\/pages\/2002","targetHints":{"allow":["GET"]}}],"collection":[{"href":"https:\/\/www.bvtbs.com\/nl\/wp-json\/wp\/v2\/pages"}],"about":[{"href":"https:\/\/www.bvtbs.com\/nl\/wp-json\/wp\/v2\/types\/page"}],"author":[{"embeddable":true,"href":"https:\/\/www.bvtbs.com\/nl\/wp-json\/wp\/v2\/users\/7"}],"replies":[{"embeddable":true,"href":"https:\/\/www.bvtbs.com\/nl\/wp-json\/wp\/v2\/comments?post=2002"}],"version-history":[{"count":0,"href":"https:\/\/www.bvtbs.com\/nl\/wp-json\/wp\/v2\/pages\/2002\/revisions"}],"wp:attachment":[{"href":"https:\/\/www.bvtbs.com\/nl\/wp-json\/wp\/v2\/media?parent=2002"}],"curies":[{"name":"wp","href":"https:\/\/api.w.org\/{rel}","templated":true}]}}