{"id":1999,"date":"2020-06-16T11:04:30","date_gmt":"2020-06-16T11:04:30","guid":{"rendered":"https:\/\/www.bvtbs.com\/?page_id=1999"},"modified":"2020-06-25T07:26:36","modified_gmt":"2020-06-25T07:26:36","slug":"cracker-en-knackebrodlijnen","status":"publish","type":"page","link":"https:\/\/www.bvtbs.com\/nl\/cracker-en-knackebrodlijnen\/","title":{"rendered":"Cracker- en Kn\u00e4ckebr\u00f6dlijnen"},"content":{"rendered":"\t\t<div data-elementor-type=\"wp-page\" data-elementor-id=\"1999\" class=\"elementor elementor-1999\" data-elementor-post-type=\"page\">\n\t\t\t\t\t\t<section class=\"elementor-section elementor-top-section elementor-element elementor-element-806836c elementor-section-boxed elementor-section-height-default elementor-section-height-default\" data-id=\"806836c\" data-element_type=\"section\" data-e-type=\"section\">\n\t\t\t\t\t\t<div class=\"elementor-container elementor-column-gap-default\">\n\t\t\t\t\t<div class=\"elementor-column elementor-col-100 elementor-top-column elementor-element elementor-element-5ec3ca4\" data-id=\"5ec3ca4\" data-element_type=\"column\" data-e-type=\"column\">\n\t\t\t<div class=\"elementor-widget-wrap elementor-element-populated\">\n\t\t\t\t\t\t<div class=\"elementor-element elementor-element-a93e7ee din elementor-widget elementor-widget-heading\" data-id=\"a93e7ee\" data-element_type=\"widget\" data-e-type=\"widget\" data-widget_type=\"heading.default\">\n\t\t\t\t<div class=\"elementor-widget-container\">\n\t\t\t\t\t<h2 class=\"elementor-heading-title elementor-size-default\">Cracker- en Kn\u00e4ckebr\u00f6dlijnen<\/h2>\t\t\t\t<\/div>\n\t\t\t\t<\/div>\n\t\t\t\t\t<\/div>\n\t\t<\/div>\n\t\t\t\t\t<\/div>\n\t\t<\/section>\n\t\t\t\t<section class=\"elementor-section elementor-top-section elementor-element elementor-element-3193d541 elementor-section-boxed elementor-section-height-default elementor-section-height-default\" data-id=\"3193d541\" data-element_type=\"section\" data-e-type=\"section\">\n\t\t\t\t\t\t<div class=\"elementor-container elementor-column-gap-default\">\n\t\t\t\t\t<div class=\"elementor-column elementor-col-66 elementor-top-column elementor-element elementor-element-7ae7bfb1\" data-id=\"7ae7bfb1\" data-element_type=\"column\" data-e-type=\"column\">\n\t\t\t<div class=\"elementor-widget-wrap elementor-element-populated\">\n\t\t\t\t\t\t<div class=\"elementor-element elementor-element-5b3435c1 elementor-widget elementor-widget-text-editor\" data-id=\"5b3435c1\" data-element_type=\"widget\" data-e-type=\"widget\" data-widget_type=\"text-editor.default\">\n\t\t\t\t<div class=\"elementor-widget-container\">\n\t\t\t\t\t\t\t\t\t<p><strong>Bij BVT Dough Process Solutions, onderdeel van Verhoeven Bakery Equipment Family, bieden wij verschillende industri\u00eble verwerkingsoplossingen voor de productie van crackers en kn\u00e4ckebr\u00f6d.<\/strong><\/p>\t\t\t\t\t\t\t\t<\/div>\n\t\t\t\t<\/div>\n\t\t\t\t<div class=\"elementor-element elementor-element-e57d9cd elementor-widget elementor-widget-text-editor\" data-id=\"e57d9cd\" data-element_type=\"widget\" data-e-type=\"widget\" data-widget_type=\"text-editor.default\">\n\t\t\t\t<div class=\"elementor-widget-container\">\n\t\t\t\t\t\t\t\t\t<p>De productie van crackers en kn\u00e4ckebr\u00f6d kan op twee verschillende manieren gebeuren. BVT Dough Process Solutions kan beide systemen\/methoden leveren. Als de definitieve deegplak gemaakt is conform de vooraf ingestelde specificaties, doorloopt het deeg de vereiste processtappen in uw lijn.<\/p><p>\u00a0<\/p><p>Uw product wordt gemaakt op maatwerkproductielijnen die gebruik maken van onze bewezen technologie. Onze productielijnen kunnen uitgerust worden met automatische hercirculatie voor overtollig deeg, een zaadstrooier of andere aanvullingen. Uw productielijn voor crackers en kn\u00e4ckebr\u00f6d is op deze manier zowel effici\u00ebnt als duurzaam.<\/p><p>\u00a0<\/p><p>Tijdens de productie kan het deeg verschillende conditioneringsstappen op de lijn ondergaan. Dit geeft het eindproduct de benodigde eigenschappen als smaak en structuur.<\/p><p>\u00a0<\/p><p>Onze lijnen zijn zo ontwikkeld dat u, uw klanten kunt voorzien van producten met de hoogst mogelijke kwaliteit, geproduceerd op de meest effici\u00ebnte wijze.<\/p><p>\u00a0<\/p><p>Wilt u meer weten? Neem dan vandaag nog <a href=\"https:\/\/www.bvtbs.com\/nl\/contact-nl\/\">contact<\/a> met ons op.<\/p><p>\u00a0<\/p><p>Wilt u meer weten over onze turnkey-oplossingen? <a href=\"https:\/\/www.bvtbs.com\/nl\/turn-key-nl\/\">Klik hier<\/a> voor meer informatie of om contact op te nemen!<\/p>\t\t\t\t\t\t\t\t<\/div>\n\t\t\t\t<\/div>\n\t\t\t\t\t<\/div>\n\t\t<\/div>\n\t\t\t\t<div class=\"elementor-column elementor-col-33 elementor-top-column elementor-element elementor-element-cd96c77\" data-id=\"cd96c77\" data-element_type=\"column\" data-e-type=\"column\">\n\t\t\t<div class=\"elementor-widget-wrap elementor-element-populated\">\n\t\t\t\t\t\t<div class=\"elementor-element elementor-element-16b1780c din elementor-widget elementor-widget-heading\" data-id=\"16b1780c\" data-element_type=\"widget\" data-e-type=\"widget\" data-widget_type=\"heading.default\">\n\t\t\t\t<div class=\"elementor-widget-container\">\n\t\t\t\t\t<h2 class=\"elementor-heading-title elementor-size-default\">USPs:<\/h2>\t\t\t\t<\/div>\n\t\t\t\t<\/div>\n\t\t\t\t<section class=\"elementor-section elementor-inner-section elementor-element elementor-element-7accd97e elementor-section-boxed elementor-section-height-default elementor-section-height-default\" data-id=\"7accd97e\" data-element_type=\"section\" data-e-type=\"section\">\n\t\t\t\t\t\t<div class=\"elementor-container elementor-column-gap-default\">\n\t\t\t\t\t<div class=\"elementor-column elementor-col-50 elementor-inner-column elementor-element elementor-element-278ae385\" data-id=\"278ae385\" data-element_type=\"column\" data-e-type=\"column\">\n\t\t\t<div class=\"elementor-widget-wrap elementor-element-populated\">\n\t\t\t\t\t\t<div class=\"elementor-element elementor-element-21b9315d elementor-widget elementor-widget-image\" data-id=\"21b9315d\" data-element_type=\"widget\" data-e-type=\"widget\" data-widget_type=\"image.default\">\n\t\t\t\t<div class=\"elementor-widget-container\">\n\t\t\t\t\t\t\t\t\t\t\t\t\t\t\t<img decoding=\"async\" width=\"28\" height=\"29\" src=\"https:\/\/www.bvtbs.com\/wp-content\/uploads\/2020\/05\/vinkje.png\" class=\"attachment-large size-large wp-image-1382\" alt=\"\" \/>\t\t\t\t\t\t\t\t\t\t\t\t\t\t\t<\/div>\n\t\t\t\t<\/div>\n\t\t\t\t\t<\/div>\n\t\t<\/div>\n\t\t\t\t<div class=\"elementor-column elementor-col-50 elementor-inner-column elementor-element elementor-element-6208e984\" data-id=\"6208e984\" data-element_type=\"column\" data-e-type=\"column\">\n\t\t\t<div class=\"elementor-widget-wrap elementor-element-populated\">\n\t\t\t\t\t\t<div class=\"elementor-element elementor-element-2dd1518 din elementor-widget elementor-widget-heading\" data-id=\"2dd1518\" data-element_type=\"widget\" data-e-type=\"widget\" data-widget_type=\"heading.default\">\n\t\t\t\t<div class=\"elementor-widget-container\">\n\t\t\t\t\t<h2 class=\"elementor-heading-title elementor-size-default\">Lage viscositeit van deegverwerkingstechnologie<\/h2>\t\t\t\t<\/div>\n\t\t\t\t<\/div>\n\t\t\t\t\t<\/div>\n\t\t<\/div>\n\t\t\t\t\t<\/div>\n\t\t<\/section>\n\t\t\t\t<section class=\"elementor-section elementor-inner-section elementor-element elementor-element-3a6dd3af elementor-section-boxed elementor-section-height-default elementor-section-height-default\" data-id=\"3a6dd3af\" data-element_type=\"section\" data-e-type=\"section\">\n\t\t\t\t\t\t<div class=\"elementor-container elementor-column-gap-default\">\n\t\t\t\t\t<div class=\"elementor-column elementor-col-50 elementor-inner-column elementor-element elementor-element-3b180cdf\" data-id=\"3b180cdf\" data-element_type=\"column\" data-e-type=\"column\">\n\t\t\t<div class=\"elementor-widget-wrap elementor-element-populated\">\n\t\t\t\t\t\t<div class=\"elementor-element elementor-element-54a96e77 elementor-widget elementor-widget-image\" data-id=\"54a96e77\" data-element_type=\"widget\" data-e-type=\"widget\" data-widget_type=\"image.default\">\n\t\t\t\t<div class=\"elementor-widget-container\">\n\t\t\t\t\t\t\t\t\t\t\t\t\t\t\t<img decoding=\"async\" width=\"28\" height=\"29\" src=\"https:\/\/www.bvtbs.com\/wp-content\/uploads\/2020\/05\/vinkje.png\" class=\"attachment-large size-large wp-image-1382\" alt=\"\" \/>\t\t\t\t\t\t\t\t\t\t\t\t\t\t\t<\/div>\n\t\t\t\t<\/div>\n\t\t\t\t\t<\/div>\n\t\t<\/div>\n\t\t\t\t<div class=\"elementor-column elementor-col-50 elementor-inner-column elementor-element elementor-element-2c4105cf\" data-id=\"2c4105cf\" data-element_type=\"column\" data-e-type=\"column\">\n\t\t\t<div class=\"elementor-widget-wrap elementor-element-populated\">\n\t\t\t\t\t\t<div class=\"elementor-element elementor-element-a5e5759 din elementor-widget elementor-widget-heading\" data-id=\"a5e5759\" data-element_type=\"widget\" data-e-type=\"widget\" data-widget_type=\"heading.default\">\n\t\t\t\t<div class=\"elementor-widget-container\">\n\t\t\t\t\t<h2 class=\"elementor-heading-title elementor-size-default\">Snelle wisseltijden tussen verschillende producten <\/h2>\t\t\t\t<\/div>\n\t\t\t\t<\/div>\n\t\t\t\t\t<\/div>\n\t\t<\/div>\n\t\t\t\t\t<\/div>\n\t\t<\/section>\n\t\t\t\t<section class=\"elementor-section elementor-inner-section elementor-element elementor-element-65b2f542 elementor-section-boxed elementor-section-height-default elementor-section-height-default\" data-id=\"65b2f542\" data-element_type=\"section\" data-e-type=\"section\">\n\t\t\t\t\t\t<div class=\"elementor-container elementor-column-gap-default\">\n\t\t\t\t\t<div class=\"elementor-column elementor-col-100 elementor-inner-column elementor-element elementor-element-1d9dd827\" data-id=\"1d9dd827\" data-element_type=\"column\" data-e-type=\"column\">\n\t\t\t<div class=\"elementor-widget-wrap elementor-element-populated\">\n\t\t\t\t\t\t<div class=\"elementor-element elementor-element-5cd01ee elementor-widget elementor-widget-spacer\" data-id=\"5cd01ee\" data-element_type=\"widget\" data-e-type=\"widget\" data-widget_type=\"spacer.default\">\n\t\t\t\t<div class=\"elementor-widget-container\">\n\t\t\t\t\t\t\t<div class=\"elementor-spacer\">\n\t\t\t<div class=\"elementor-spacer-inner\"><\/div>\n\t\t<\/div>\n\t\t\t\t\t\t<\/div>\n\t\t\t\t<\/div>\n\t\t\t\t<div class=\"elementor-element elementor-element-9f57b3b elementor-widget elementor-widget-text-editor\" data-id=\"9f57b3b\" data-element_type=\"widget\" data-e-type=\"widget\" data-widget_type=\"text-editor.default\">\n\t\t\t\t<div class=\"elementor-widget-container\">\n\t\t\t\t\t\t\t\t\t<p><strong>Technische gegevens:<\/strong><\/p><p>Werkbreedte van 600 mm &#8211; 1600 mm<\/p>\t\t\t\t\t\t\t\t<\/div>\n\t\t\t\t<\/div>\n\t\t\t\t\t<\/div>\n\t\t<\/div>\n\t\t\t\t\t<\/div>\n\t\t<\/section>\n\t\t\t\t\t<\/div>\n\t\t<\/div>\n\t\t\t\t\t<\/div>\n\t\t<\/section>\n\t\t\t\t<section class=\"elementor-section elementor-top-section elementor-element elementor-element-677bcacf elementor-section-boxed elementor-section-height-default elementor-section-height-default\" data-id=\"677bcacf\" data-element_type=\"section\" data-e-type=\"section\">\n\t\t\t\t\t\t<div class=\"elementor-container elementor-column-gap-default\">\n\t\t\t\t\t<div class=\"elementor-column elementor-col-66 elementor-top-column elementor-element elementor-element-4b36fcf9\" data-id=\"4b36fcf9\" data-element_type=\"column\" data-e-type=\"column\">\n\t\t\t<div class=\"elementor-widget-wrap elementor-element-populated\">\n\t\t\t\t\t\t<div class=\"elementor-element elementor-element-c5b3fc0 din elementor-widget elementor-widget-heading\" data-id=\"c5b3fc0\" data-element_type=\"widget\" data-e-type=\"widget\" data-widget_type=\"heading.default\">\n\t\t\t\t<div class=\"elementor-widget-container\">\n\t\t\t\t\t<h2 class=\"elementor-heading-title elementor-size-default\">Product voorbeelden<\/h2>\t\t\t\t<\/div>\n\t\t\t\t<\/div>\n\t\t\t\t\t<\/div>\n\t\t<\/div>\n\t\t\t\t<div class=\"elementor-column elementor-col-33 elementor-top-column elementor-element elementor-element-2a8d4bec\" data-id=\"2a8d4bec\" data-element_type=\"column\" data-e-type=\"column\">\n\t\t\t<div class=\"elementor-widget-wrap\">\n\t\t\t\t\t\t\t<\/div>\n\t\t<\/div>\n\t\t\t\t\t<\/div>\n\t\t<\/section>\n\t\t\t\t<section class=\"elementor-section elementor-top-section elementor-element elementor-element-0471de0 elementor-section-boxed elementor-section-height-default elementor-section-height-default\" data-id=\"0471de0\" data-element_type=\"section\" data-e-type=\"section\">\n\t\t\t\t\t\t<div class=\"elementor-container elementor-column-gap-default\">\n\t\t\t\t\t<div class=\"elementor-column elementor-col-100 elementor-top-column elementor-element elementor-element-ae13a72\" data-id=\"ae13a72\" data-element_type=\"column\" data-e-type=\"column\">\n\t\t\t<div class=\"elementor-widget-wrap elementor-element-populated\">\n\t\t\t\t\t\t\t<\/div>\n\t\t<\/div>\n\t\t\t\t\t<\/div>\n\t\t<\/section>\n\t\t\t\t<\/div>\n\t\t","protected":false},"excerpt":{"rendered":"<p>Cracker- en Kn\u00e4ckebr\u00f6dlijnen Bij BVT Dough Process Solutions, onderdeel van Verhoeven Bakery Equipment Family, bieden wij verschillende industri\u00eble verwerkingsoplossingen voor de productie van crackers en kn\u00e4ckebr\u00f6d. De productie van crackers en kn\u00e4ckebr\u00f6d kan op twee verschillende manieren gebeuren. BVT Dough Process Solutions kan beide systemen\/methoden&#8230;<\/p>\n","protected":false},"author":7,"featured_media":0,"parent":0,"menu_order":0,"comment_status":"closed","ping_status":"closed","template":"","meta":{"footnotes":""},"class_list":["post-1999","page","type-page","status-publish","hentry"],"yoast_head":"<!-- This site is optimized with the Yoast SEO Premium plugin v27.1 (Yoast SEO v27.2) - https:\/\/yoast.com\/product\/yoast-seo-premium-wordpress\/ -->\n<title>Cracker- en Kn\u00e4ckebr\u00f6dlijnen - BVT<\/title>\n<meta name=\"robots\" content=\"index, follow, max-snippet:-1, max-image-preview:large, max-video-preview:-1\" \/>\n<link rel=\"canonical\" href=\"https:\/\/www.bvtbs.com\/nl\/cracker-en-knackebrodlijnen\/\" \/>\n<meta property=\"og:locale\" content=\"nl_NL\" \/>\n<meta property=\"og:type\" content=\"article\" \/>\n<meta property=\"og:title\" content=\"Cracker- en Kn\u00e4ckebr\u00f6dlijnen\" \/>\n<meta property=\"og:description\" content=\"Cracker- en Kn\u00e4ckebr\u00f6dlijnen Bij BVT Dough Process Solutions, onderdeel van Verhoeven Bakery Equipment Family, bieden wij verschillende industri\u00eble verwerkingsoplossingen voor de productie van crackers en kn\u00e4ckebr\u00f6d. De productie van crackers en kn\u00e4ckebr\u00f6d kan op twee verschillende manieren gebeuren. BVT Dough Process Solutions kan beide systemen\/methoden...\" \/>\n<meta property=\"og:url\" content=\"https:\/\/www.bvtbs.com\/nl\/cracker-en-knackebrodlijnen\/\" \/>\n<meta property=\"og:site_name\" content=\"BVT\" \/>\n<meta property=\"article:modified_time\" content=\"2020-06-25T07:26:36+00:00\" \/>\n<meta property=\"og:image\" content=\"https:\/\/www.bvtbs.com\/wp-content\/uploads\/2020\/05\/vinkje.png\" \/>\n<meta name=\"twitter:card\" content=\"summary_large_image\" \/>\n<meta name=\"twitter:label1\" content=\"Geschatte leestijd\" \/>\n\t<meta name=\"twitter:data1\" content=\"1 minuut\" \/>\n<script type=\"application\/ld+json\" class=\"yoast-schema-graph\">{\"@context\":\"https:\/\/schema.org\",\"@graph\":[{\"@type\":\"WebPage\",\"@id\":\"https:\/\/www.bvtbs.com\/nl\/cracker-en-knackebrodlijnen\/\",\"url\":\"https:\/\/www.bvtbs.com\/nl\/cracker-en-knackebrodlijnen\/\",\"name\":\"Cracker- en Kn\u00e4ckebr\u00f6dlijnen - BVT\",\"isPartOf\":{\"@id\":\"https:\/\/www.bvtbs.com\/de\/#website\"},\"primaryImageOfPage\":{\"@id\":\"https:\/\/www.bvtbs.com\/nl\/cracker-en-knackebrodlijnen\/#primaryimage\"},\"image\":{\"@id\":\"https:\/\/www.bvtbs.com\/nl\/cracker-en-knackebrodlijnen\/#primaryimage\"},\"thumbnailUrl\":\"https:\/\/www.bvtbs.com\/wp-content\/uploads\/2020\/05\/vinkje.png\",\"datePublished\":\"2020-06-16T11:04:30+00:00\",\"dateModified\":\"2020-06-25T07:26:36+00:00\",\"breadcrumb\":{\"@id\":\"https:\/\/www.bvtbs.com\/nl\/cracker-en-knackebrodlijnen\/#breadcrumb\"},\"inLanguage\":\"nl-NL\",\"potentialAction\":[{\"@type\":\"ReadAction\",\"target\":[\"https:\/\/www.bvtbs.com\/nl\/cracker-en-knackebrodlijnen\/\"]}]},{\"@type\":\"ImageObject\",\"inLanguage\":\"nl-NL\",\"@id\":\"https:\/\/www.bvtbs.com\/nl\/cracker-en-knackebrodlijnen\/#primaryimage\",\"url\":\"https:\/\/www.bvtbs.com\/wp-content\/uploads\/2020\/05\/vinkje.png\",\"contentUrl\":\"https:\/\/www.bvtbs.com\/wp-content\/uploads\/2020\/05\/vinkje.png\"},{\"@type\":\"BreadcrumbList\",\"@id\":\"https:\/\/www.bvtbs.com\/nl\/cracker-en-knackebrodlijnen\/#breadcrumb\",\"itemListElement\":[{\"@type\":\"ListItem\",\"position\":1,\"name\":\"Home\",\"item\":\"https:\/\/www.bvtbs.com\/nl\/\"},{\"@type\":\"ListItem\",\"position\":2,\"name\":\"Cracker- en Kn\u00e4ckebr\u00f6dlijnen\"}]},{\"@type\":\"WebSite\",\"@id\":\"https:\/\/www.bvtbs.com\/de\/#website\",\"url\":\"https:\/\/www.bvtbs.com\/de\/\",\"name\":\"BVT\",\"description\":\"BVT DOUGH PROCESS SOLUTIONS\",\"potentialAction\":[{\"@type\":\"SearchAction\",\"target\":{\"@type\":\"EntryPoint\",\"urlTemplate\":\"https:\/\/www.bvtbs.com\/de\/?s={search_term_string}\"},\"query-input\":{\"@type\":\"PropertyValueSpecification\",\"valueRequired\":true,\"valueName\":\"search_term_string\"}}],\"inLanguage\":\"nl-NL\"}]}<\/script>\n<!-- \/ Yoast SEO Premium plugin. -->","yoast_head_json":{"title":"Cracker- en Kn\u00e4ckebr\u00f6dlijnen - BVT","robots":{"index":"index","follow":"follow","max-snippet":"max-snippet:-1","max-image-preview":"max-image-preview:large","max-video-preview":"max-video-preview:-1"},"canonical":"https:\/\/www.bvtbs.com\/nl\/cracker-en-knackebrodlijnen\/","og_locale":"nl_NL","og_type":"article","og_title":"Cracker- en Kn\u00e4ckebr\u00f6dlijnen","og_description":"Cracker- en Kn\u00e4ckebr\u00f6dlijnen Bij BVT Dough Process Solutions, onderdeel van Verhoeven Bakery Equipment Family, bieden wij verschillende industri\u00eble verwerkingsoplossingen voor de productie van crackers en kn\u00e4ckebr\u00f6d. De productie van crackers en kn\u00e4ckebr\u00f6d kan op twee verschillende manieren gebeuren. BVT Dough Process Solutions kan beide systemen\/methoden...","og_url":"https:\/\/www.bvtbs.com\/nl\/cracker-en-knackebrodlijnen\/","og_site_name":"BVT","article_modified_time":"2020-06-25T07:26:36+00:00","og_image":[{"url":"https:\/\/www.bvtbs.com\/wp-content\/uploads\/2020\/05\/vinkje.png","type":"","width":"","height":""}],"twitter_card":"summary_large_image","twitter_misc":{"Geschatte leestijd":"1 minuut"},"schema":{"@context":"https:\/\/schema.org","@graph":[{"@type":"WebPage","@id":"https:\/\/www.bvtbs.com\/nl\/cracker-en-knackebrodlijnen\/","url":"https:\/\/www.bvtbs.com\/nl\/cracker-en-knackebrodlijnen\/","name":"Cracker- en Kn\u00e4ckebr\u00f6dlijnen - BVT","isPartOf":{"@id":"https:\/\/www.bvtbs.com\/de\/#website"},"primaryImageOfPage":{"@id":"https:\/\/www.bvtbs.com\/nl\/cracker-en-knackebrodlijnen\/#primaryimage"},"image":{"@id":"https:\/\/www.bvtbs.com\/nl\/cracker-en-knackebrodlijnen\/#primaryimage"},"thumbnailUrl":"https:\/\/www.bvtbs.com\/wp-content\/uploads\/2020\/05\/vinkje.png","datePublished":"2020-06-16T11:04:30+00:00","dateModified":"2020-06-25T07:26:36+00:00","breadcrumb":{"@id":"https:\/\/www.bvtbs.com\/nl\/cracker-en-knackebrodlijnen\/#breadcrumb"},"inLanguage":"nl-NL","potentialAction":[{"@type":"ReadAction","target":["https:\/\/www.bvtbs.com\/nl\/cracker-en-knackebrodlijnen\/"]}]},{"@type":"ImageObject","inLanguage":"nl-NL","@id":"https:\/\/www.bvtbs.com\/nl\/cracker-en-knackebrodlijnen\/#primaryimage","url":"https:\/\/www.bvtbs.com\/wp-content\/uploads\/2020\/05\/vinkje.png","contentUrl":"https:\/\/www.bvtbs.com\/wp-content\/uploads\/2020\/05\/vinkje.png"},{"@type":"BreadcrumbList","@id":"https:\/\/www.bvtbs.com\/nl\/cracker-en-knackebrodlijnen\/#breadcrumb","itemListElement":[{"@type":"ListItem","position":1,"name":"Home","item":"https:\/\/www.bvtbs.com\/nl\/"},{"@type":"ListItem","position":2,"name":"Cracker- en Kn\u00e4ckebr\u00f6dlijnen"}]},{"@type":"WebSite","@id":"https:\/\/www.bvtbs.com\/de\/#website","url":"https:\/\/www.bvtbs.com\/de\/","name":"BVT","description":"BVT DOUGH PROCESS SOLUTIONS","potentialAction":[{"@type":"SearchAction","target":{"@type":"EntryPoint","urlTemplate":"https:\/\/www.bvtbs.com\/de\/?s={search_term_string}"},"query-input":{"@type":"PropertyValueSpecification","valueRequired":true,"valueName":"search_term_string"}}],"inLanguage":"nl-NL"}]}},"_links":{"self":[{"href":"https:\/\/www.bvtbs.com\/nl\/wp-json\/wp\/v2\/pages\/1999","targetHints":{"allow":["GET"]}}],"collection":[{"href":"https:\/\/www.bvtbs.com\/nl\/wp-json\/wp\/v2\/pages"}],"about":[{"href":"https:\/\/www.bvtbs.com\/nl\/wp-json\/wp\/v2\/types\/page"}],"author":[{"embeddable":true,"href":"https:\/\/www.bvtbs.com\/nl\/wp-json\/wp\/v2\/users\/7"}],"replies":[{"embeddable":true,"href":"https:\/\/www.bvtbs.com\/nl\/wp-json\/wp\/v2\/comments?post=1999"}],"version-history":[{"count":0,"href":"https:\/\/www.bvtbs.com\/nl\/wp-json\/wp\/v2\/pages\/1999\/revisions"}],"wp:attachment":[{"href":"https:\/\/www.bvtbs.com\/nl\/wp-json\/wp\/v2\/media?parent=1999"}],"curies":[{"name":"wp","href":"https:\/\/api.w.org\/{rel}","templated":true}]}}