{"id":3191,"date":"2020-06-26T12:49:28","date_gmt":"2020-06-26T12:49:28","guid":{"rendered":"https:\/\/www.bvtbs.com\/about-us-2\/"},"modified":"2020-07-08T11:25:34","modified_gmt":"2020-07-08T11:25:34","slug":"quienes-somos","status":"publish","type":"page","link":"https:\/\/www.bvtbs.com\/es\/quienes-somos\/","title":{"rendered":"Qui\u00e9nes somos"},"content":{"rendered":"\t\t<div data-elementor-type=\"wp-page\" data-elementor-id=\"3191\" class=\"elementor elementor-3191\" data-elementor-post-type=\"page\">\n\t\t\t\t\t\t<section class=\"elementor-section elementor-top-section elementor-element elementor-element-4da977d elementor-section-boxed elementor-section-height-default elementor-section-height-default\" data-id=\"4da977d\" data-element_type=\"section\" data-e-type=\"section\">\n\t\t\t\t\t\t<div class=\"elementor-container elementor-column-gap-default\">\n\t\t\t\t\t<div class=\"elementor-column elementor-col-100 elementor-top-column elementor-element elementor-element-cbd224f\" data-id=\"cbd224f\" data-element_type=\"column\" data-e-type=\"column\">\n\t\t\t<div class=\"elementor-widget-wrap elementor-element-populated\">\n\t\t\t\t\t\t<div class=\"elementor-element elementor-element-c447228 elementor-widget elementor-widget-image\" data-id=\"c447228\" data-element_type=\"widget\" data-e-type=\"widget\" data-widget_type=\"image.default\">\n\t\t\t\t<div class=\"elementor-widget-container\">\n\t\t\t\t\t\t\t\t\t\t\t\t\t\t\t<img fetchpriority=\"high\" decoding=\"async\" width=\"2400\" height=\"1070\" src=\"https:\/\/www.bvtbs.com\/wp-content\/uploads\/2020\/05\/pandnew-belettering-b.jpg\" class=\"attachment-full size-full wp-image-1887\" alt=\"\" srcset=\"https:\/\/www.bvtbs.com\/wp-content\/uploads\/2020\/05\/pandnew-belettering-b.jpg 2400w, https:\/\/www.bvtbs.com\/wp-content\/uploads\/2020\/05\/pandnew-belettering-b-300x134.jpg 300w, https:\/\/www.bvtbs.com\/wp-content\/uploads\/2020\/05\/pandnew-belettering-b-1024x457.jpg 1024w, https:\/\/www.bvtbs.com\/wp-content\/uploads\/2020\/05\/pandnew-belettering-b-768x342.jpg 768w, https:\/\/www.bvtbs.com\/wp-content\/uploads\/2020\/05\/pandnew-belettering-b-1536x685.jpg 1536w, https:\/\/www.bvtbs.com\/wp-content\/uploads\/2020\/05\/pandnew-belettering-b-2048x913.jpg 2048w, https:\/\/www.bvtbs.com\/wp-content\/uploads\/2020\/05\/pandnew-belettering-b-700x312.jpg 700w\" sizes=\"(max-width: 2400px) 100vw, 2400px\" \/>\t\t\t\t\t\t\t\t\t\t\t\t\t\t\t<\/div>\n\t\t\t\t<\/div>\n\t\t\t\t<div class=\"elementor-element elementor-element-55e5c10 din elementor-widget elementor-widget-heading\" data-id=\"55e5c10\" data-element_type=\"widget\" data-e-type=\"widget\" data-widget_type=\"heading.default\">\n\t\t\t\t<div class=\"elementor-widget-container\">\n\t\t\t\t\t<h2 class=\"elementor-heading-title elementor-size-default\">Acerca de nosotros<\/h2>\t\t\t\t<\/div>\n\t\t\t\t<\/div>\n\t\t\t\t\t<\/div>\n\t\t<\/div>\n\t\t\t\t\t<\/div>\n\t\t<\/section>\n\t\t\t\t<section class=\"elementor-section elementor-top-section elementor-element elementor-element-5b95e94 elementor-section-boxed elementor-section-height-default elementor-section-height-default\" data-id=\"5b95e94\" data-element_type=\"section\" data-e-type=\"section\">\n\t\t\t\t\t\t<div class=\"elementor-container elementor-column-gap-default\">\n\t\t\t\t\t<div class=\"elementor-column elementor-col-50 elementor-top-column elementor-element elementor-element-5f18440\" data-id=\"5f18440\" data-element_type=\"column\" data-e-type=\"column\">\n\t\t\t<div class=\"elementor-widget-wrap elementor-element-populated\">\n\t\t\t\t\t\t<div class=\"elementor-element elementor-element-8667b05 elementor-widget elementor-widget-text-editor\" data-id=\"8667b05\" data-element_type=\"widget\" data-e-type=\"widget\" data-widget_type=\"text-editor.default\">\n\t\t\t\t<div class=\"elementor-widget-container\">\n\t\t\t\t\t\t\t\t\t<p>BVT Dough Process Solutions, con sede en Oss, Pa\u00edses Bajos, forma parte de <a href=\"https:\/\/www.verhoevenfamily.com\/about-us-bef\/\" target=\"_blank\" rel=\"noopener\">Verhoeven Bakery Equipment Family<\/a> y est\u00e1 especializada en el desarrollo y producci\u00f3n de l\u00edneas de laminaci\u00f3n y procesamiento de masa a medida para la industria panadera.<\/p><p><br \/>Somos una empresa fuerte y con arraigados valores familiares. Nuestra dedicaci\u00f3n nos permite encontrar una soluci\u00f3n para cualquier desaf\u00edo en la industria de laminaci\u00f3n y procesamiento de masas de pan y productos de pasteler\u00eda. Nuestro equipo altamente cualificado cuenta con d\u00e9cadas de experiencia en la industria panadera. Contamos con expertos con profundos conocimientos, tanto sobre el proceso de cocci\u00f3n como sobre la tecnolog\u00eda de las m\u00e1quinas.<\/p><p><br \/>Nuestros amplios conocimientos de la industria, junto con nuestra cultura de innovaci\u00f3n y nuestras soluciones creativas, nos han permitido conquistar una posici\u00f3n fuerte desde nuestros inicios. Trabajamos con usted para asegurarnos de que se cumplan sus deseos y necesidades espec\u00edficas en relaci\u00f3n con su l\u00ednea de producci\u00f3n. Tenemos en cuenta la calidad y la variedad de su producto, as\u00ed como la capacidad, el espacio y el presupuesto disponibles, y desarrollamos la mejor configuraci\u00f3n personalizada posible para su l\u00ednea de producci\u00f3n de masa.<\/p><p><br \/>BVT Dough Process Solutions es una empresa de \u00e9xito en el desarrollo de l\u00edneas de producci\u00f3n completas que se adaptan a los deseos de su empresa. Nuestros ingenieros de ventas desarrollan soluciones a medida con componentes est\u00e1ndar y, si es necesario, con componentes desarrollados especialmente. La producci\u00f3n a medida se realiza en nuestra propia f\u00e1brica que tiene una impresionante superficie de 17.000 m2.<\/p><p><br \/>Todas nuestras l\u00edneas de producci\u00f3n se ensamblan y se prueban exhaustivamente antes de enviarlas a cualquier parte del mundo. Nuestro objetivo es proporcionar soluciones para mejorar su proceso. Adem\u00e1s, queremos ser el proveedor al que se dirija para todas sus l\u00edneas de productos y soluciones. Gracias a nuestra alta calidad y fiabilidad, as\u00ed como a nuestros r\u00e1pidos plazos de entrega y t\u00e9cnicas innovadoras, BVT es el socio perfecto para su l\u00ednea de productos. <\/p>\t\t\t\t\t\t\t\t<\/div>\n\t\t\t\t<\/div>\n\t\t\t\t<div class=\"elementor-element elementor-element-72ff823 elementor-widget elementor-widget-spacer\" data-id=\"72ff823\" data-element_type=\"widget\" data-e-type=\"widget\" data-widget_type=\"spacer.default\">\n\t\t\t\t<div class=\"elementor-widget-container\">\n\t\t\t\t\t\t\t<div class=\"elementor-spacer\">\n\t\t\t<div class=\"elementor-spacer-inner\"><\/div>\n\t\t<\/div>\n\t\t\t\t\t\t<\/div>\n\t\t\t\t<\/div>\n\t\t\t\t\t<\/div>\n\t\t<\/div>\n\t\t\t\t<div class=\"elementor-column elementor-col-50 elementor-top-column elementor-element elementor-element-8057cd0\" data-id=\"8057cd0\" data-element_type=\"column\" data-e-type=\"column\">\n\t\t\t<div class=\"elementor-widget-wrap\">\n\t\t\t\t\t\t\t<\/div>\n\t\t<\/div>\n\t\t\t\t\t<\/div>\n\t\t<\/section>\n\t\t\t\t<section class=\"elementor-section elementor-top-section elementor-element elementor-element-aa24ad6 elementor-section-boxed elementor-section-height-default elementor-section-height-default\" data-id=\"aa24ad6\" data-element_type=\"section\" data-e-type=\"section\">\n\t\t\t\t\t\t<div class=\"elementor-container elementor-column-gap-default\">\n\t\t\t\t\t<div class=\"elementor-column elementor-col-100 elementor-top-column elementor-element elementor-element-c0693b1\" data-id=\"c0693b1\" data-element_type=\"column\" data-e-type=\"column\">\n\t\t\t<div class=\"elementor-widget-wrap elementor-element-populated\">\n\t\t\t\t\t\t\t<\/div>\n\t\t<\/div>\n\t\t\t\t\t<\/div>\n\t\t<\/section>\n\t\t\t\t<section class=\"elementor-section elementor-top-section elementor-element elementor-element-90cb8aa elementor-section-boxed elementor-section-height-default elementor-section-height-default\" data-id=\"90cb8aa\" data-element_type=\"section\" data-e-type=\"section\">\n\t\t\t\t\t\t<div class=\"elementor-container elementor-column-gap-default\">\n\t\t\t\t\t<div class=\"elementor-column elementor-col-100 elementor-top-column elementor-element elementor-element-e72bfc7\" data-id=\"e72bfc7\" data-element_type=\"column\" data-e-type=\"column\">\n\t\t\t<div class=\"elementor-widget-wrap elementor-element-populated\">\n\t\t\t\t\t\t<div class=\"elementor-element elementor-element-a1d0afb elementor-widget elementor-widget-spacer\" data-id=\"a1d0afb\" data-element_type=\"widget\" data-e-type=\"widget\" data-widget_type=\"spacer.default\">\n\t\t\t\t<div class=\"elementor-widget-container\">\n\t\t\t\t\t\t\t<div class=\"elementor-spacer\">\n\t\t\t<div class=\"elementor-spacer-inner\"><\/div>\n\t\t<\/div>\n\t\t\t\t\t\t<\/div>\n\t\t\t\t<\/div>\n\t\t\t\t\t<\/div>\n\t\t<\/div>\n\t\t\t\t\t<\/div>\n\t\t<\/section>\n\t\t\t\t<\/div>\n\t\t","protected":false},"excerpt":{"rendered":"<p>Acerca de nosotros BVT Dough Process Solutions, con sede en Oss, Pa\u00edses Bajos, forma parte de Verhoeven Bakery Equipment Family y est\u00e1 especializada en el desarrollo y producci\u00f3n de l\u00edneas de laminaci\u00f3n y procesamiento de masa a medida para la industria panadera. Somos una empresa&#8230;<\/p>\n","protected":false},"author":7,"featured_media":0,"parent":0,"menu_order":0,"comment_status":"closed","ping_status":"closed","template":"full_width.php","meta":{"footnotes":""},"class_list":["post-3191","page","type-page","status-publish","hentry"],"yoast_head":"<!-- This site is optimized with the Yoast SEO Premium plugin v27.1 (Yoast SEO v27.2) - https:\/\/yoast.com\/product\/yoast-seo-premium-wordpress\/ -->\n<title>Qui\u00e9nes somos - BVT<\/title>\n<meta name=\"robots\" content=\"index, follow, max-snippet:-1, max-image-preview:large, max-video-preview:-1\" \/>\n<link rel=\"canonical\" href=\"https:\/\/www.bvtbs.com\/es\/quienes-somos\/\" \/>\n<meta property=\"og:locale\" content=\"es_ES\" \/>\n<meta property=\"og:type\" content=\"article\" \/>\n<meta property=\"og:title\" content=\"Qui\u00e9nes somos\" \/>\n<meta property=\"og:description\" content=\"Acerca de nosotros BVT Dough Process Solutions, con sede en Oss, Pa\u00edses Bajos, forma parte de Verhoeven Bakery Equipment Family y est\u00e1 especializada en el desarrollo y producci\u00f3n de l\u00edneas de laminaci\u00f3n y procesamiento de masa a medida para la industria panadera. Somos una empresa...\" \/>\n<meta property=\"og:url\" content=\"https:\/\/www.bvtbs.com\/es\/quienes-somos\/\" \/>\n<meta property=\"og:site_name\" content=\"BVT\" \/>\n<meta property=\"article:modified_time\" content=\"2020-07-08T11:25:34+00:00\" \/>\n<meta property=\"og:image\" content=\"https:\/\/www.bvtbs.com\/wp-content\/uploads\/2020\/05\/pandnew-belettering-b.jpg\" \/>\n<meta name=\"twitter:card\" content=\"summary_large_image\" \/>\n<meta name=\"twitter:label1\" content=\"Tiempo de lectura\" \/>\n\t<meta name=\"twitter:data1\" content=\"2 minutos\" \/>\n<script type=\"application\/ld+json\" class=\"yoast-schema-graph\">{\"@context\":\"https:\/\/schema.org\",\"@graph\":[{\"@type\":\"WebPage\",\"@id\":\"https:\/\/www.bvtbs.com\/es\/quienes-somos\/\",\"url\":\"https:\/\/www.bvtbs.com\/es\/quienes-somos\/\",\"name\":\"Qui\u00e9nes somos - BVT\",\"isPartOf\":{\"@id\":\"https:\/\/www.bvtbs.com\/de\/#website\"},\"primaryImageOfPage\":{\"@id\":\"https:\/\/www.bvtbs.com\/es\/quienes-somos\/#primaryimage\"},\"image\":{\"@id\":\"https:\/\/www.bvtbs.com\/es\/quienes-somos\/#primaryimage\"},\"thumbnailUrl\":\"https:\/\/www.bvtbs.com\/wp-content\/uploads\/2020\/05\/pandnew-belettering-b.jpg\",\"datePublished\":\"2020-06-26T12:49:28+00:00\",\"dateModified\":\"2020-07-08T11:25:34+00:00\",\"breadcrumb\":{\"@id\":\"https:\/\/www.bvtbs.com\/es\/quienes-somos\/#breadcrumb\"},\"inLanguage\":\"es\",\"potentialAction\":[{\"@type\":\"ReadAction\",\"target\":[\"https:\/\/www.bvtbs.com\/es\/quienes-somos\/\"]}]},{\"@type\":\"ImageObject\",\"inLanguage\":\"es\",\"@id\":\"https:\/\/www.bvtbs.com\/es\/quienes-somos\/#primaryimage\",\"url\":\"https:\/\/www.bvtbs.com\/wp-content\/uploads\/2020\/05\/pandnew-belettering-b.jpg\",\"contentUrl\":\"https:\/\/www.bvtbs.com\/wp-content\/uploads\/2020\/05\/pandnew-belettering-b.jpg\"},{\"@type\":\"BreadcrumbList\",\"@id\":\"https:\/\/www.bvtbs.com\/es\/quienes-somos\/#breadcrumb\",\"itemListElement\":[{\"@type\":\"ListItem\",\"position\":1,\"name\":\"Home\",\"item\":\"https:\/\/www.bvtbs.com\/es\/\"},{\"@type\":\"ListItem\",\"position\":2,\"name\":\"Qui\u00e9nes somos\"}]},{\"@type\":\"WebSite\",\"@id\":\"https:\/\/www.bvtbs.com\/de\/#website\",\"url\":\"https:\/\/www.bvtbs.com\/de\/\",\"name\":\"BVT\",\"description\":\"BVT DOUGH PROCESS SOLUTIONS\",\"potentialAction\":[{\"@type\":\"SearchAction\",\"target\":{\"@type\":\"EntryPoint\",\"urlTemplate\":\"https:\/\/www.bvtbs.com\/de\/?s={search_term_string}\"},\"query-input\":{\"@type\":\"PropertyValueSpecification\",\"valueRequired\":true,\"valueName\":\"search_term_string\"}}],\"inLanguage\":\"es\"}]}<\/script>\n<!-- \/ Yoast SEO Premium plugin. -->","yoast_head_json":{"title":"Qui\u00e9nes somos - BVT","robots":{"index":"index","follow":"follow","max-snippet":"max-snippet:-1","max-image-preview":"max-image-preview:large","max-video-preview":"max-video-preview:-1"},"canonical":"https:\/\/www.bvtbs.com\/es\/quienes-somos\/","og_locale":"es_ES","og_type":"article","og_title":"Qui\u00e9nes somos","og_description":"Acerca de nosotros BVT Dough Process Solutions, con sede en Oss, Pa\u00edses Bajos, forma parte de Verhoeven Bakery Equipment Family y est\u00e1 especializada en el desarrollo y producci\u00f3n de l\u00edneas de laminaci\u00f3n y procesamiento de masa a medida para la industria panadera. Somos una empresa...","og_url":"https:\/\/www.bvtbs.com\/es\/quienes-somos\/","og_site_name":"BVT","article_modified_time":"2020-07-08T11:25:34+00:00","og_image":[{"url":"https:\/\/www.bvtbs.com\/wp-content\/uploads\/2020\/05\/pandnew-belettering-b.jpg","type":"","width":"","height":""}],"twitter_card":"summary_large_image","twitter_misc":{"Tiempo de lectura":"2 minutos"},"schema":{"@context":"https:\/\/schema.org","@graph":[{"@type":"WebPage","@id":"https:\/\/www.bvtbs.com\/es\/quienes-somos\/","url":"https:\/\/www.bvtbs.com\/es\/quienes-somos\/","name":"Qui\u00e9nes somos - BVT","isPartOf":{"@id":"https:\/\/www.bvtbs.com\/de\/#website"},"primaryImageOfPage":{"@id":"https:\/\/www.bvtbs.com\/es\/quienes-somos\/#primaryimage"},"image":{"@id":"https:\/\/www.bvtbs.com\/es\/quienes-somos\/#primaryimage"},"thumbnailUrl":"https:\/\/www.bvtbs.com\/wp-content\/uploads\/2020\/05\/pandnew-belettering-b.jpg","datePublished":"2020-06-26T12:49:28+00:00","dateModified":"2020-07-08T11:25:34+00:00","breadcrumb":{"@id":"https:\/\/www.bvtbs.com\/es\/quienes-somos\/#breadcrumb"},"inLanguage":"es","potentialAction":[{"@type":"ReadAction","target":["https:\/\/www.bvtbs.com\/es\/quienes-somos\/"]}]},{"@type":"ImageObject","inLanguage":"es","@id":"https:\/\/www.bvtbs.com\/es\/quienes-somos\/#primaryimage","url":"https:\/\/www.bvtbs.com\/wp-content\/uploads\/2020\/05\/pandnew-belettering-b.jpg","contentUrl":"https:\/\/www.bvtbs.com\/wp-content\/uploads\/2020\/05\/pandnew-belettering-b.jpg"},{"@type":"BreadcrumbList","@id":"https:\/\/www.bvtbs.com\/es\/quienes-somos\/#breadcrumb","itemListElement":[{"@type":"ListItem","position":1,"name":"Home","item":"https:\/\/www.bvtbs.com\/es\/"},{"@type":"ListItem","position":2,"name":"Qui\u00e9nes somos"}]},{"@type":"WebSite","@id":"https:\/\/www.bvtbs.com\/de\/#website","url":"https:\/\/www.bvtbs.com\/de\/","name":"BVT","description":"BVT DOUGH PROCESS SOLUTIONS","potentialAction":[{"@type":"SearchAction","target":{"@type":"EntryPoint","urlTemplate":"https:\/\/www.bvtbs.com\/de\/?s={search_term_string}"},"query-input":{"@type":"PropertyValueSpecification","valueRequired":true,"valueName":"search_term_string"}}],"inLanguage":"es"}]}},"_links":{"self":[{"href":"https:\/\/www.bvtbs.com\/es\/wp-json\/wp\/v2\/pages\/3191","targetHints":{"allow":["GET"]}}],"collection":[{"href":"https:\/\/www.bvtbs.com\/es\/wp-json\/wp\/v2\/pages"}],"about":[{"href":"https:\/\/www.bvtbs.com\/es\/wp-json\/wp\/v2\/types\/page"}],"author":[{"embeddable":true,"href":"https:\/\/www.bvtbs.com\/es\/wp-json\/wp\/v2\/users\/7"}],"replies":[{"embeddable":true,"href":"https:\/\/www.bvtbs.com\/es\/wp-json\/wp\/v2\/comments?post=3191"}],"version-history":[{"count":0,"href":"https:\/\/www.bvtbs.com\/es\/wp-json\/wp\/v2\/pages\/3191\/revisions"}],"wp:attachment":[{"href":"https:\/\/www.bvtbs.com\/es\/wp-json\/wp\/v2\/media?parent=3191"}],"curies":[{"name":"wp","href":"https:\/\/api.w.org\/{rel}","templated":true}]}}